{"id":11491,"date":"2025-07-11T10:28:48","date_gmt":"2025-07-11T08:28:48","guid":{"rendered":"https:\/\/montessorispace.com\/?post_type=product&#038;p=11491"},"modified":"2026-04-08T10:09:19","modified_gmt":"2026-04-08T08:09:19","slug":"matematica-montessori-2","status":"publish","type":"product","link":"https:\/\/montessorispace.com\/pt-pt\/cursos-pt-pt\/matematica-montessori-2\/","title":{"rendered":"Matem\u00e1tica Montessori | 6 a 12 anos."},"content":{"rendered":"<p>Entre as idades de seis e doze anos, as crian\u00e7as come\u00e7am a aprender\u00a0<strong>opera\u00e7\u00f5es matem\u00e1ticas mais complexas<\/strong>, como fra\u00e7\u00f5es, ra\u00edzes quadradas, ra\u00edzes de cubos, etc.<\/p>\n<p>Neste curso, destinado a professores ou pais de crian\u00e7as na fase Prim\u00e1ria, aprenderemos como o<strong>\u00a0material Montessori<\/strong>\u00a0na \u00e1rea de Matem\u00e1tica permite que as crian\u00e7as aprendam esses conceitos com base na prepara\u00e7\u00e3o sensorial.<\/p>\n","protected":false},"excerpt":{"rendered":"<p>Entre as idades de seis e doze anos, as crian\u00e7as come\u00e7am a aprender\u00a0opera\u00e7\u00f5es matem\u00e1ticas mais complexas, como fra\u00e7\u00f5es, ra\u00edzes quadradas, ra\u00edzes de cubos, etc. Neste curso, destinado a professores ou pais de crian\u00e7as na fase Prim\u00e1ria, aprenderemos como o\u00a0material Montessori\u00a0na \u00e1rea de Matem\u00e1tica permite que as crian\u00e7as aprendam esses conceitos com base na prepara\u00e7\u00e3o sensorial.<\/p>\n","protected":false},"featured_media":11480,"template":"","meta":{"_acf_changed":false},"product_brand":[],"product_cat":[101,161,173,157,153],"product_tag":[],"tematica":[217],"class_list":{"0":"post-11491","1":"product","2":"type-product","3":"status-publish","4":"has-post-thumbnail","6":"product_cat-cursos-pt-pt","7":"product_cat-pais","8":"product_cat-6-12-anos-de-idade","9":"product_cat-professores","10":"product_cat-primario","11":"tematica-matematicas-y-ciencias","13":"first","14":"instock","15":"virtual","16":"taxable","17":"purchasable","18":"product-type-simple"},"acf":[],"_links":{"self":[{"href":"https:\/\/montessorispace.com\/pt-pt\/wp-json\/wp\/v2\/product\/11491","targetHints":{"allow":["GET"]}}],"collection":[{"href":"https:\/\/montessorispace.com\/pt-pt\/wp-json\/wp\/v2\/product"}],"about":[{"href":"https:\/\/montessorispace.com\/pt-pt\/wp-json\/wp\/v2\/types\/product"}],"wp:featuredmedia":[{"embeddable":true,"href":"https:\/\/montessorispace.com\/pt-pt\/wp-json\/wp\/v2\/media\/11480"}],"wp:attachment":[{"href":"https:\/\/montessorispace.com\/pt-pt\/wp-json\/wp\/v2\/media?parent=11491"}],"wp:term":[{"taxonomy":"product_brand","embeddable":true,"href":"https:\/\/montessorispace.com\/pt-pt\/wp-json\/wp\/v2\/product_brand?post=11491"},{"taxonomy":"product_cat","embeddable":true,"href":"https:\/\/montessorispace.com\/pt-pt\/wp-json\/wp\/v2\/product_cat?post=11491"},{"taxonomy":"product_tag","embeddable":true,"href":"https:\/\/montessorispace.com\/pt-pt\/wp-json\/wp\/v2\/product_tag?post=11491"},{"taxonomy":"tematica","embeddable":true,"href":"https:\/\/montessorispace.com\/pt-pt\/wp-json\/wp\/v2\/tematica?post=11491"}],"curies":[{"name":"wp","href":"https:\/\/api.w.org\/{rel}","templated":true}]}}