{"id":11257,"date":"2025-01-15T23:34:56","date_gmt":"2025-01-15T22:34:56","guid":{"rendered":"https:\/\/montessorispace.com\/contacto\/"},"modified":"2026-04-20T19:26:05","modified_gmt":"2026-04-20T17:26:05","slug":"contacto","status":"publish","type":"page","link":"https:\/\/montessorispace.com\/pt-pt\/contacto\/","title":{"rendered":"Contacto"},"content":{"rendered":"\t\t<div data-elementor-type=\"wp-page\" data-elementor-id=\"11257\" class=\"elementor elementor-11257 elementor-1257\" data-elementor-post-type=\"page\">\n\t\t\t\t<div class=\"elementor-element elementor-element-8f03f29 e-flex e-con-boxed e-con e-parent\" data-id=\"8f03f29\" data-element_type=\"container\" data-e-type=\"container\" data-settings=\"{&quot;jet_parallax_layout_list&quot;:[]}\">\n\t\t\t\t\t<div class=\"e-con-inner\">\n\t\t\t\t<div class=\"elementor-element elementor-element-de022ea elementor-widget elementor-widget-woocommerce-breadcrumb\" data-id=\"de022ea\" data-element_type=\"widget\" data-e-type=\"widget\" data-widget_type=\"woocommerce-breadcrumb.default\">\n\t\t\t\t<div class=\"elementor-widget-container\">\n\t\t\t\t\t<nav class=\"woocommerce-breadcrumb\" aria-label=\"Breadcrumb\">In\u00edcio<\/nav>\t\t\t\t<\/div>\n\t\t\t\t<\/div>\n\t\t<div class=\"elementor-element elementor-element-f65b854 e-con-full e-flex e-con e-child\" data-id=\"f65b854\" data-element_type=\"container\" data-e-type=\"container\" data-settings=\"{&quot;jet_parallax_layout_list&quot;:[]}\">\n\t\t\t\t<\/div>\n\t\t\t\t\t<\/div>\n\t\t\t\t<\/div>\n\t\t<div class=\"elementor-element elementor-element-1bc0b0e e-flex e-con-boxed e-con e-parent\" data-id=\"1bc0b0e\" data-element_type=\"container\" data-e-type=\"container\" data-settings=\"{&quot;jet_parallax_layout_list&quot;:[]}\">\n\t\t\t\t\t<div class=\"e-con-inner\">\n\t\t\t\t<div class=\"elementor-element elementor-element-64aad92 elementor-widget elementor-widget-heading\" data-id=\"64aad92\" data-element_type=\"widget\" data-e-type=\"widget\" data-widget_type=\"heading.default\">\n\t\t\t\t<div class=\"elementor-widget-container\">\n\t\t\t\t\t<h2 class=\"elementor-heading-title elementor-size-default\">Se necessitares de<span style=\"font-weight: bold;color: #D72827\"> mais informa\u00e7\u00f5es<\/span>, contacta-nos atrav\u00e9s do endere\u00e7o \n<\/h2>\t\t\t\t<\/div>\n\t\t\t\t<\/div>\n\t\t\t\t<div class=\"elementor-element elementor-element-cf7d2b6 elementor-widget elementor-widget-text-editor\" data-id=\"cf7d2b6\" data-element_type=\"widget\" data-e-type=\"widget\" data-widget_type=\"text-editor.default\">\n\t\t\t\t<div class=\"elementor-widget-container\">\n\t\t\t\t\t\t\t\t\t<p>Tamb\u00e9m podes escrever para <strong>imi@montessorispace.com<\/strong><br>ou telefonar-nos para <strong>+34 931 029 780<\/strong> \/ <strong>+34 638 645 662<\/strong>.<\/p>\t\t\t\t\t\t\t\t<\/div>\n\t\t\t\t<\/div>\n\t\t\t\t<div class=\"elementor-element elementor-element-cf0ddef elementor-button-align-start elementor-widget__width-initial elementor-widget elementor-widget-form\" data-id=\"cf0ddef\" data-element_type=\"widget\" data-e-type=\"widget\" data-settings=\"{&quot;step_next_label&quot;:&quot;Seguinte&quot;,&quot;step_previous_label&quot;:&quot;Anterior&quot;,&quot;button_width&quot;:&quot;100&quot;,&quot;step_type&quot;:&quot;number_text&quot;,&quot;step_icon_shape&quot;:&quot;circle&quot;}\" data-widget_type=\"form.default\">\n\t\t\t\t<div class=\"elementor-widget-container\">\n\t\t\t\t\t\t\t<form class=\"elementor-form\" method=\"post\" name=\"Novo formul\u00e1rio\" aria-label=\"Novo formul\u00e1rio\">\n\t\t\t<input type=\"hidden\" name=\"post_id\" value=\"11257\"\/>\n\t\t\t<input type=\"hidden\" name=\"form_id\" value=\"cf0ddef\"\/>\n\t\t\t<input type=\"hidden\" name=\"referer_title\" value=\"\" \/>\n\n\t\t\t\n\t\t\t<div class=\"elementor-form-fields-wrapper elementor-labels-above\">\n\t\t\t\t\t\t\t\t<div class=\"elementor-field-type-text elementor-field-group elementor-column elementor-field-group-nombre elementor-col-50 elementor-field-required elementor-mark-required\">\n\t\t\t\t\t\t\t\t\t\t\t\t<label for=\"form-field-nombre\" class=\"elementor-field-label\">\n\t\t\t\t\t\t\t\tNome\t\t\t\t\t\t\t<\/label>\n\t\t\t\t\t\t\t\t\t\t\t\t\t\t<input size=\"1\" type=\"text\" name=\"form_fields[nombre]\" id=\"form-field-nombre\" class=\"elementor-field elementor-size-sm  elementor-field-textual\" required=\"required\">\n\t\t\t\t\t\t\t\t\t\t\t<\/div>\n\t\t\t\t\t\t\t\t<div class=\"elementor-field-type-text elementor-field-group elementor-column elementor-field-group-apellidos elementor-col-50 elementor-field-required elementor-mark-required\">\n\t\t\t\t\t\t\t\t\t\t\t\t<label for=\"form-field-apellidos\" class=\"elementor-field-label\">\n\t\t\t\t\t\t\t\tApelido\t\t\t\t\t\t\t<\/label>\n\t\t\t\t\t\t\t\t\t\t\t\t\t\t<input size=\"1\" type=\"text\" name=\"form_fields[apellidos]\" id=\"form-field-apellidos\" class=\"elementor-field elementor-size-sm  elementor-field-textual\" required=\"required\">\n\t\t\t\t\t\t\t\t\t\t\t<\/div>\n\t\t\t\t\t\t\t\t<div class=\"elementor-field-type-email elementor-field-group elementor-column elementor-field-group-email elementor-col-66 elementor-field-required elementor-mark-required\">\n\t\t\t\t\t\t\t\t\t\t\t\t<label for=\"form-field-email\" class=\"elementor-field-label\">\n\t\t\t\t\t\t\t\tEndere\u00e7o de correio eletr\u00f3nico\t\t\t\t\t\t\t<\/label>\n\t\t\t\t\t\t\t\t\t\t\t\t\t\t<input size=\"1\" type=\"email\" name=\"form_fields[email]\" id=\"form-field-email\" class=\"elementor-field elementor-size-sm  elementor-field-textual\" required=\"required\">\n\t\t\t\t\t\t\t\t\t\t\t<\/div>\n\t\t\t\t\t\t\t\t<div class=\"elementor-field-type-tel elementor-field-group elementor-column elementor-field-group-telefono elementor-col-33 elementor-field-required elementor-mark-required\">\n\t\t\t\t\t\t\t\t\t\t\t\t<label for=\"form-field-telefono\" class=\"elementor-field-label\">\n\t\t\t\t\t\t\t\tTelefone\t\t\t\t\t\t\t<\/label>\n\t\t\t\t\t\t\t\t<input size=\"1\" type=\"tel\" name=\"form_fields[telefono]\" id=\"form-field-telefono\" class=\"elementor-field elementor-size-sm  elementor-field-textual\" required=\"required\" pattern=\"[0-9()#&amp;+*-=.]+\" title=\"Only numbers and phone characters (#, -, *, etc) are accepted.\">\n\n\t\t\t\t\t\t<\/div>\n\t\t\t\t\t\t\t\t<div class=\"elementor-field-type-select elementor-field-group elementor-column elementor-field-group-pais elementor-col-50 elementor-field-required elementor-mark-required\">\n\t\t\t\t\t\t\t\t\t\t\t\t<label for=\"form-field-pais\" class=\"elementor-field-label\">\n\t\t\t\t\t\t\t\tPa\u00eds\t\t\t\t\t\t\t<\/label>\n\t\t\t\t\t\t\t\t<div class=\"elementor-field elementor-select-wrapper remove-before \">\n\t\t\t<div class=\"select-caret-down-wrapper\">\n\t\t\t\t<svg aria-hidden=\"true\" class=\"e-font-icon-svg e-eicon-caret-down\" viewBox=\"0 0 571.4 571.4\" xmlns=\"http:\/\/www.w3.org\/2000\/svg\"><path d=\"M571 393Q571 407 561 418L311 668Q300 679 286 679T261 668L11 418Q0 407 0 393T11 368 36 357H536Q550 357 561 368T571 393Z\"><\/path><\/svg>\t\t\t<\/div>\n\t\t\t<select name=\"form_fields[pais]\" id=\"form-field-pais\" class=\"elementor-field-textual elementor-size-sm\" required=\"required\">\n\t\t\t\t\t\t\t\t\t<option value=\"Espanha\">Espanha<\/option>\n\t\t\t\t\t\t\t\t\t<option value=\"Afeganist\u00e3o\">Afeganist\u00e3o<\/option>\n\t\t\t\t\t\t\t\t\t<option value=\"Alb\u00e2nia\">Alb\u00e2nia<\/option>\n\t\t\t\t\t\t\t\t\t<option value=\"Alemanha\">Alemanha<\/option>\n\t\t\t\t\t\t\t\t\t<option value=\"Andorra\">Andorra<\/option>\n\t\t\t\t\t\t\t\t\t<option value=\"Angola\">Angola<\/option>\n\t\t\t\t\t\t\t\t\t<option value=\"Ant\u00edgua e Barbuda\">Ant\u00edgua e Barbuda<\/option>\n\t\t\t\t\t\t\t\t\t<option value=\"Ar\u00e1bia Saudita\">Ar\u00e1bia Saudita<\/option>\n\t\t\t\t\t\t\t\t\t<option value=\"Arg\u00e9lia\">Arg\u00e9lia<\/option>\n\t\t\t\t\t\t\t\t\t<option value=\"Argentina\">Argentina<\/option>\n\t\t\t\t\t\t\t\t\t<option value=\"Arm\u00e9nia\">Arm\u00e9nia<\/option>\n\t\t\t\t\t\t\t\t\t<option value=\"Austr\u00e1lia\">Austr\u00e1lia<\/option>\n\t\t\t\t\t\t\t\t\t<option value=\"\u00c1ustria\">\u00c1ustria<\/option>\n\t\t\t\t\t\t\t\t\t<option value=\"Azerbaij\u00e3o\">Azerbaij\u00e3o<\/option>\n\t\t\t\t\t\t\t\t\t<option value=\"Bahamas\">Bahamas<\/option>\n\t\t\t\t\t\t\t\t\t<option value=\"Bangladesh\">Bangladesh<\/option>\n\t\t\t\t\t\t\t\t\t<option value=\"Barbados\">Barbados<\/option>\n\t\t\t\t\t\t\t\t\t<option value=\"Bar\u00e9m\">Bar\u00e9m<\/option>\n\t\t\t\t\t\t\t\t\t<option value=\"B\u00e9lgica\">B\u00e9lgica<\/option>\n\t\t\t\t\t\t\t\t\t<option value=\"Belize\">Belize<\/option>\n\t\t\t\t\t\t\t\t\t<option value=\"Benim\">Benim<\/option>\n\t\t\t\t\t\t\t\t\t<option value=\"Bielorr\u00fassia\">Bielorr\u00fassia<\/option>\n\t\t\t\t\t\t\t\t\t<option value=\"Birm\u00e2nia (Myanmar)\">Birm\u00e2nia (Myanmar)<\/option>\n\t\t\t\t\t\t\t\t\t<option value=\"Bol\u00edvia\">Bol\u00edvia<\/option>\n\t\t\t\t\t\t\t\t\t<option value=\"B\u00f3snia e Herzegovina\">B\u00f3snia e Herzegovina<\/option>\n\t\t\t\t\t\t\t\t\t<option value=\"Botsuana\">Botsuana<\/option>\n\t\t\t\t\t\t\t\t\t<option value=\"Brasil\">Brasil<\/option>\n\t\t\t\t\t\t\t\t\t<option value=\"Brunei\">Brunei<\/option>\n\t\t\t\t\t\t\t\t\t<option value=\"Bulg\u00e1ria\">Bulg\u00e1ria<\/option>\n\t\t\t\t\t\t\t\t\t<option value=\"Burquina Faso\">Burquina Faso<\/option>\n\t\t\t\t\t\t\t\t\t<option value=\"Burundi\">Burundi<\/option>\n\t\t\t\t\t\t\t\t\t<option value=\"But\u00e3o\">But\u00e3o<\/option>\n\t\t\t\t\t\t\t\t\t<option value=\"Cabo Verde\">Cabo Verde<\/option>\n\t\t\t\t\t\t\t\t\t<option value=\"Camboja\">Camboja<\/option>\n\t\t\t\t\t\t\t\t\t<option value=\"Camar\u00f5es\">Camar\u00f5es<\/option>\n\t\t\t\t\t\t\t\t\t<option value=\"Canad\u00e1\">Canad\u00e1<\/option>\n\t\t\t\t\t\t\t\t\t<option value=\"Qatar\">Qatar<\/option>\n\t\t\t\t\t\t\t\t\t<option value=\"Chade\">Chade<\/option>\n\t\t\t\t\t\t\t\t\t<option value=\"Chile\">Chile<\/option>\n\t\t\t\t\t\t\t\t\t<option value=\"China\">China<\/option>\n\t\t\t\t\t\t\t\t\t<option value=\"Chipre\">Chipre<\/option>\n\t\t\t\t\t\t\t\t\t<option value=\"Col\u00f4mbia\">Col\u00f4mbia<\/option>\n\t\t\t\t\t\t\t\t\t<option value=\"Comores\">Comores<\/option>\n\t\t\t\t\t\t\t\t\t<option value=\"Coreia do Norte\">Coreia do Norte<\/option>\n\t\t\t\t\t\t\t\t\t<option value=\"Coreia do Sul\">Coreia do Sul<\/option>\n\t\t\t\t\t\t\t\t\t<option value=\"Costa do Marfim\">Costa do Marfim<\/option>\n\t\t\t\t\t\t\t\t\t<option value=\"Costa Rica\">Costa Rica<\/option>\n\t\t\t\t\t\t\t\t\t<option value=\"Cro\u00e1cia\">Cro\u00e1cia<\/option>\n\t\t\t\t\t\t\t\t\t<option value=\"Cuba\">Cuba<\/option>\n\t\t\t\t\t\t\t\t\t<option value=\"Dinamarca\">Dinamarca<\/option>\n\t\t\t\t\t\t\t\t\t<option value=\"Dom\u00ednica\">Dom\u00ednica<\/option>\n\t\t\t\t\t\t\t\t\t<option value=\"Equador\">Equador<\/option>\n\t\t\t\t\t\t\t\t\t<option value=\"Egito\">Egito<\/option>\n\t\t\t\t\t\t\t\t\t<option value=\"El Salvador\">El Salvador<\/option>\n\t\t\t\t\t\t\t\t\t<option value=\"Emirados \u00c1rabes Unidos\">Emirados \u00c1rabes Unidos<\/option>\n\t\t\t\t\t\t\t\t\t<option value=\"Eritreia\">Eritreia<\/option>\n\t\t\t\t\t\t\t\t\t<option value=\"Eslov\u00e1quia\">Eslov\u00e1quia<\/option>\n\t\t\t\t\t\t\t\t\t<option value=\"Eslov\u00e9nia\">Eslov\u00e9nia<\/option>\n\t\t\t\t\t\t\t\t\t<option value=\"Estados Unidos\">Estados Unidos<\/option>\n\t\t\t\t\t\t\t\t\t<option value=\"Est\u00f3nia\">Est\u00f3nia<\/option>\n\t\t\t\t\t\t\t\t\t<option value=\"Esuatini (Suazil\u00e2ndia)\">Esuatini (Suazil\u00e2ndia)<\/option>\n\t\t\t\t\t\t\t\t\t<option value=\"Eti\u00f3pia\">Eti\u00f3pia<\/option>\n\t\t\t\t\t\t\t\t\t<option value=\"Filipinas\">Filipinas<\/option>\n\t\t\t\t\t\t\t\t\t<option value=\"Finl\u00e2ndia\">Finl\u00e2ndia<\/option>\n\t\t\t\t\t\t\t\t\t<option value=\"Fiji\">Fiji<\/option>\n\t\t\t\t\t\t\t\t\t<option value=\"Fran\u00e7a\">Fran\u00e7a<\/option>\n\t\t\t\t\t\t\t\t\t<option value=\"Gab\u00e3o\">Gab\u00e3o<\/option>\n\t\t\t\t\t\t\t\t\t<option value=\"G\u00e2mbia\">G\u00e2mbia<\/option>\n\t\t\t\t\t\t\t\t\t<option value=\"Ge\u00f3rgia\">Ge\u00f3rgia<\/option>\n\t\t\t\t\t\t\t\t\t<option value=\"Gana\">Gana<\/option>\n\t\t\t\t\t\t\t\t\t<option value=\"Granada\">Granada<\/option>\n\t\t\t\t\t\t\t\t\t<option value=\"Gr\u00e9cia\">Gr\u00e9cia<\/option>\n\t\t\t\t\t\t\t\t\t<option value=\"Guatemala\">Guatemala<\/option>\n\t\t\t\t\t\t\t\t\t<option value=\"Guiana\">Guiana<\/option>\n\t\t\t\t\t\t\t\t\t<option value=\"Guin\u00e9\">Guin\u00e9<\/option>\n\t\t\t\t\t\t\t\t\t<option value=\"Guin\u00e9-Bissau\">Guin\u00e9-Bissau<\/option>\n\t\t\t\t\t\t\t\t\t<option value=\"Guin\u00e9 Equatorial\">Guin\u00e9 Equatorial<\/option>\n\t\t\t\t\t\t\t\t\t<option value=\"Haiti\">Haiti<\/option>\n\t\t\t\t\t\t\t\t\t<option value=\"Honduras\">Honduras<\/option>\n\t\t\t\t\t\t\t\t\t<option value=\"Hungria\">Hungria<\/option>\n\t\t\t\t\t\t\t\t\t<option value=\"\u00cdndia\">\u00cdndia<\/option>\n\t\t\t\t\t\t\t\t\t<option value=\"Indon\u00e9sia\">Indon\u00e9sia<\/option>\n\t\t\t\t\t\t\t\t\t<option value=\"Iraque\">Iraque<\/option>\n\t\t\t\t\t\t\t\t\t<option value=\"Ir\u00e3o\">Ir\u00e3o<\/option>\n\t\t\t\t\t\t\t\t\t<option value=\"Irlanda\">Irlanda<\/option>\n\t\t\t\t\t\t\t\t\t<option value=\"Isl\u00e2ndia\">Isl\u00e2ndia<\/option>\n\t\t\t\t\t\t\t\t\t<option value=\"Ilhas Marshall\">Ilhas Marshall<\/option>\n\t\t\t\t\t\t\t\t\t<option value=\"Ilhas Salom\u00e3o\">Ilhas Salom\u00e3o<\/option>\n\t\t\t\t\t\t\t\t\t<option value=\"Israel\">Israel<\/option>\n\t\t\t\t\t\t\t\t\t<option value=\"It\u00e1lia\">It\u00e1lia<\/option>\n\t\t\t\t\t\t\t\t\t<option value=\"Jamaica\">Jamaica<\/option>\n\t\t\t\t\t\t\t\t\t<option value=\"Jap\u00e3o\">Jap\u00e3o<\/option>\n\t\t\t\t\t\t\t\t\t<option value=\"Jord\u00e2nia\">Jord\u00e2nia<\/option>\n\t\t\t\t\t\t\t\t\t<option value=\"Cazaquist\u00e3o\">Cazaquist\u00e3o<\/option>\n\t\t\t\t\t\t\t\t\t<option value=\"Qu\u00e9nia\">Qu\u00e9nia<\/option>\n\t\t\t\t\t\t\t\t\t<option value=\"Quirguizist\u00e3o\">Quirguizist\u00e3o<\/option>\n\t\t\t\t\t\t\t\t\t<option value=\"Kiribati\">Kiribati<\/option>\n\t\t\t\t\t\t\t\t\t<option value=\"Kuwait\">Kuwait<\/option>\n\t\t\t\t\t\t\t\t\t<option value=\"Laos\">Laos<\/option>\n\t\t\t\t\t\t\t\t\t<option value=\"Lesoto\">Lesoto<\/option>\n\t\t\t\t\t\t\t\t\t<option value=\"Let\u00f3nia\">Let\u00f3nia<\/option>\n\t\t\t\t\t\t\t\t\t<option value=\"L\u00edbano\">L\u00edbano<\/option>\n\t\t\t\t\t\t\t\t\t<option value=\"Lib\u00e9ria\">Lib\u00e9ria<\/option>\n\t\t\t\t\t\t\t\t\t<option value=\"L\u00edbia\">L\u00edbia<\/option>\n\t\t\t\t\t\t\t\t\t<option value=\"Liechtenstein\">Liechtenstein<\/option>\n\t\t\t\t\t\t\t\t\t<option value=\"Litu\u00e2nia\">Litu\u00e2nia<\/option>\n\t\t\t\t\t\t\t\t\t<option value=\"Luxemburgo\">Luxemburgo<\/option>\n\t\t\t\t\t\t\t\t\t<option value=\"Madag\u00e1scar\">Madag\u00e1scar<\/option>\n\t\t\t\t\t\t\t\t\t<option value=\"Mal\u00e1sia\">Mal\u00e1sia<\/option>\n\t\t\t\t\t\t\t\t\t<option value=\"Malawi\">Malawi<\/option>\n\t\t\t\t\t\t\t\t\t<option value=\"Maldivas\">Maldivas<\/option>\n\t\t\t\t\t\t\t\t\t<option value=\"Mali\">Mali<\/option>\n\t\t\t\t\t\t\t\t\t<option value=\"Malta\">Malta<\/option>\n\t\t\t\t\t\t\t\t\t<option value=\"Marrocos\">Marrocos<\/option>\n\t\t\t\t\t\t\t\t\t<option value=\"Maur\u00edcia\">Maur\u00edcia<\/option>\n\t\t\t\t\t\t\t\t\t<option value=\"Maurit\u00e2nia\">Maurit\u00e2nia<\/option>\n\t\t\t\t\t\t\t\t\t<option value=\"M\u00e9xico\">M\u00e9xico<\/option>\n\t\t\t\t\t\t\t\t\t<option value=\"Micron\u00e9sia\">Micron\u00e9sia<\/option>\n\t\t\t\t\t\t\t\t\t<option value=\"Mold\u00e1via\">Mold\u00e1via<\/option>\n\t\t\t\t\t\t\t\t\t<option value=\"M\u00f3naco\">M\u00f3naco<\/option>\n\t\t\t\t\t\t\t\t\t<option value=\"Mong\u00f3lia\">Mong\u00f3lia<\/option>\n\t\t\t\t\t\t\t\t\t<option value=\"Montenegro\">Montenegro<\/option>\n\t\t\t\t\t\t\t\t\t<option value=\"Mo\u00e7ambique\">Mo\u00e7ambique<\/option>\n\t\t\t\t\t\t\t\t\t<option value=\"Nam\u00edbia\">Nam\u00edbia<\/option>\n\t\t\t\t\t\t\t\t\t<option value=\"Nauru\">Nauru<\/option>\n\t\t\t\t\t\t\t\t\t<option value=\"Nepal\">Nepal<\/option>\n\t\t\t\t\t\t\t\t\t<option value=\"Nicar\u00e1gua\">Nicar\u00e1gua<\/option>\n\t\t\t\t\t\t\t\t\t<option value=\"N\u00edger\">N\u00edger<\/option>\n\t\t\t\t\t\t\t\t\t<option value=\"Nig\u00e9ria\">Nig\u00e9ria<\/option>\n\t\t\t\t\t\t\t\t\t<option value=\"Noruega\">Noruega<\/option>\n\t\t\t\t\t\t\t\t\t<option value=\"Nova Zel\u00e2ndia\">Nova Zel\u00e2ndia<\/option>\n\t\t\t\t\t\t\t\t\t<option value=\"Om\u00e3\">Om\u00e3<\/option>\n\t\t\t\t\t\t\t\t\t<option value=\"Pa\u00edses Baixos\">Pa\u00edses Baixos<\/option>\n\t\t\t\t\t\t\t\t\t<option value=\"Paquist\u00e3o\">Paquist\u00e3o<\/option>\n\t\t\t\t\t\t\t\t\t<option value=\"Palau\">Palau<\/option>\n\t\t\t\t\t\t\t\t\t<option value=\"Panam\u00e1\">Panam\u00e1<\/option>\n\t\t\t\t\t\t\t\t\t<option value=\"Papua Nova Guin\u00e9\">Papua Nova Guin\u00e9<\/option>\n\t\t\t\t\t\t\t\t\t<option value=\"Paraguai\">Paraguai<\/option>\n\t\t\t\t\t\t\t\t\t<option value=\"Peru\">Peru<\/option>\n\t\t\t\t\t\t\t\t\t<option value=\"Pol\u00f3nia\">Pol\u00f3nia<\/option>\n\t\t\t\t\t\t\t\t\t<option value=\"Portugal\">Portugal<\/option>\n\t\t\t\t\t\t\t\t\t<option value=\"Reino Unido\">Reino Unido<\/option>\n\t\t\t\t\t\t\t\t\t<option value=\"Rep\u00fablica Centro-Africana\">Rep\u00fablica Centro-Africana<\/option>\n\t\t\t\t\t\t\t\t\t<option value=\"Rep\u00fablica Checa\">Rep\u00fablica Checa<\/option>\n\t\t\t\t\t\t\t\t\t<option value=\"Rep\u00fablica do Congo\">Rep\u00fablica do Congo<\/option>\n\t\t\t\t\t\t\t\t\t<option value=\"Rep\u00fablica Democr\u00e1tica do Congo\">Rep\u00fablica Democr\u00e1tica do Congo<\/option>\n\t\t\t\t\t\t\t\t\t<option value=\"Rep\u00fablica Dominicana\">Rep\u00fablica Dominicana<\/option>\n\t\t\t\t\t\t\t\t\t<option value=\"Ruanda\">Ruanda<\/option>\n\t\t\t\t\t\t\t\t\t<option value=\"Rom\u00e9nia\">Rom\u00e9nia<\/option>\n\t\t\t\t\t\t\t\t\t<option value=\"R\u00fassia\">R\u00fassia<\/option>\n\t\t\t\t\t\t\t\t\t<option value=\"Samoa\">Samoa<\/option>\n\t\t\t\t\t\t\t\t\t<option value=\"S\u00e3o Crist\u00f3v\u00e3o e Nevis\">S\u00e3o Crist\u00f3v\u00e3o e Nevis<\/option>\n\t\t\t\t\t\t\t\t\t<option value=\"S\u00e3o Marinho\">S\u00e3o Marinho<\/option>\n\t\t\t\t\t\t\t\t\t<option value=\"S\u00e3o Vicente e Granadinas\">S\u00e3o Vicente e Granadinas<\/option>\n\t\t\t\t\t\t\t\t\t<option value=\"Santa L\u00facia\">Santa L\u00facia<\/option>\n\t\t\t\t\t\t\t\t\t<option value=\"S\u00e3o Tom\u00e9 e Pr\u00edncipe\">S\u00e3o Tom\u00e9 e Pr\u00edncipe<\/option>\n\t\t\t\t\t\t\t\t\t<option value=\"Senegal\">Senegal<\/option>\n\t\t\t\t\t\t\t\t\t<option value=\"S\u00e9rvia\">S\u00e9rvia<\/option>\n\t\t\t\t\t\t\t\t\t<option value=\"Seychelles\">Seychelles<\/option>\n\t\t\t\t\t\t\t\t\t<option value=\"Serra Leoa\">Serra Leoa<\/option>\n\t\t\t\t\t\t\t\t\t<option value=\"Singapura\">Singapura<\/option>\n\t\t\t\t\t\t\t\t\t<option value=\"S\u00edria\">S\u00edria<\/option>\n\t\t\t\t\t\t\t\t\t<option value=\"Som\u00e1lia\">Som\u00e1lia<\/option>\n\t\t\t\t\t\t\t\t\t<option value=\"Sri Lanka\">Sri Lanka<\/option>\n\t\t\t\t\t\t\t\t\t<option value=\"\u00c1frica do Sul\">\u00c1frica do Sul<\/option>\n\t\t\t\t\t\t\t\t\t<option value=\"Sud\u00e3o\">Sud\u00e3o<\/option>\n\t\t\t\t\t\t\t\t\t<option value=\"Sud\u00e3o do Sul\">Sud\u00e3o do Sul<\/option>\n\t\t\t\t\t\t\t\t\t<option value=\"Su\u00e9cia\">Su\u00e9cia<\/option>\n\t\t\t\t\t\t\t\t\t<option value=\"Su\u00ed\u00e7a\">Su\u00ed\u00e7a<\/option>\n\t\t\t\t\t\t\t\t\t<option value=\"Suriname\">Suriname<\/option>\n\t\t\t\t\t\t\t\t\t<option value=\"Tail\u00e2ndia\">Tail\u00e2ndia<\/option>\n\t\t\t\t\t\t\t\t\t<option value=\"Tanz\u00e2nia\">Tanz\u00e2nia<\/option>\n\t\t\t\t\t\t\t\t\t<option value=\"Tajiquist\u00e3o\">Tajiquist\u00e3o<\/option>\n\t\t\t\t\t\t\t\t\t<option value=\"Timor-Leste\">Timor-Leste<\/option>\n\t\t\t\t\t\t\t\t\t<option value=\"Togo\">Togo<\/option>\n\t\t\t\t\t\t\t\t\t<option value=\"Tonga\">Tonga<\/option>\n\t\t\t\t\t\t\t\t\t<option value=\"Trinidad e Tobago\">Trinidad e Tobago<\/option>\n\t\t\t\t\t\t\t\t\t<option value=\"Tun\u00edsia\">Tun\u00edsia<\/option>\n\t\t\t\t\t\t\t\t\t<option value=\"Turquemenist\u00e3o\">Turquemenist\u00e3o<\/option>\n\t\t\t\t\t\t\t\t\t<option value=\"Turquia\">Turquia<\/option>\n\t\t\t\t\t\t\t\t\t<option value=\"Tuvalu\">Tuvalu<\/option>\n\t\t\t\t\t\t\t\t\t<option value=\"Ucr\u00e2nia\">Ucr\u00e2nia<\/option>\n\t\t\t\t\t\t\t\t\t<option value=\"Uganda\">Uganda<\/option>\n\t\t\t\t\t\t\t\t\t<option value=\"Uruguai\">Uruguai<\/option>\n\t\t\t\t\t\t\t\t\t<option value=\"Uzbequist\u00e3o\">Uzbequist\u00e3o<\/option>\n\t\t\t\t\t\t\t\t\t<option value=\"Vanuatu\">Vanuatu<\/option>\n\t\t\t\t\t\t\t\t\t<option value=\"Vaticano\">Vaticano<\/option>\n\t\t\t\t\t\t\t\t\t<option value=\"Venezuela\">Venezuela<\/option>\n\t\t\t\t\t\t\t\t\t<option value=\"Vietname\">Vietname<\/option>\n\t\t\t\t\t\t\t\t\t<option value=\"I\u00e9men\">I\u00e9men<\/option>\n\t\t\t\t\t\t\t\t\t<option value=\"Jibuti\">Jibuti<\/option>\n\t\t\t\t\t\t\t\t\t<option value=\"Z\u00e2mbia\">Z\u00e2mbia<\/option>\n\t\t\t\t\t\t\t\t\t<option value=\"Zimbabu\u00e9\">Zimbabu\u00e9<\/option>\n\t\t\t\t\t\t\t<\/select>\n\t\t<\/div>\n\t\t\t\t\t\t<\/div>\n\t\t\t\t\t\t\t\t<div class=\"elementor-field-type-radio elementor-field-group elementor-column elementor-field-group-formacion elementor-col-50 elementor-field-required elementor-mark-required\">\n\t\t\t\t\t\t\t\t\t\t\t\t<label for=\"form-field-formacion\" class=\"elementor-field-label\">\n\t\t\t\t\t\t\t\tComo preferes ser contactado?\t\t\t\t\t\t\t<\/label>\n\t\t\t\t\t\t<div class=\"elementor-field-subgroup  elementor-subgroup-inline\"><span class=\"elementor-field-option\"><input type=\"radio\" value=\"Por telefone\" id=\"form-field-formacion-0\" name=\"form_fields[formacion]\" required=\"required\"> <label for=\"form-field-formacion-0\">Por telefone<\/label><\/span><span class=\"elementor-field-option\"><input type=\"radio\" value=\"Por correio eletr\u00f3nico\" id=\"form-field-formacion-1\" name=\"form_fields[formacion]\" required=\"required\"> <label for=\"form-field-formacion-1\">Por correio eletr\u00f3nico<\/label><\/span><\/div>\t\t\t\t<\/div>\n\t\t\t\t\t\t\t\t<div class=\"elementor-field-type-textarea elementor-field-group elementor-column elementor-field-group-mensaje elementor-col-100 elementor-field-required elementor-mark-required\">\n\t\t\t\t\t\t\t\t\t\t\t\t<label for=\"form-field-mensaje\" class=\"elementor-field-label\">\n\t\t\t\t\t\t\t\tComo podemos ajudar-te?\t\t\t\t\t\t\t<\/label>\n\t\t\t\t\t\t<textarea class=\"elementor-field-textual elementor-field  elementor-size-sm\" name=\"form_fields[mensaje]\" id=\"form-field-mensaje\" rows=\"4\" placeholder=\"Escreve a tua mensagem\" required=\"required\"><\/textarea>\t\t\t\t<\/div>\n\t\t\t\t\t\t\t\t<div class=\"elementor-field-type-acceptance elementor-field-group elementor-column elementor-field-group-privacidad elementor-col-100 elementor-field-required elementor-mark-required\">\n\t\t\t\t\t\t\t<div class=\"elementor-field-subgroup\">\n\t\t\t<span class=\"elementor-field-option\">\n\t\t\t\t<input type=\"checkbox\" name=\"form_fields[privacidad]\" id=\"form-field-privacidad\" class=\"elementor-field elementor-size-sm  elementor-acceptance-field\" required=\"required\">\n\t\t\t\t<label for=\"form-field-privacidad\">Aceito os <a href=\"https:\/\/montessorispace.com\/politica-de-privacidad\/\" target=\"_blank\" rel=\"noopener\">termos e condi\u00e7\u00f5es e a pol\u00edtica de privacidade<\/a><\/label>\t\t\t<\/span>\n\t\t<\/div>\n\t\t\t\t\t\t<\/div>\n\t\t\t\t\t\t\t\t<div class=\"elementor-field-type-recaptcha_v3 elementor-field-group elementor-column elementor-field-group-field_77db7a5 elementor-col-100 recaptcha_v3-bottomright\">\n\t\t\t\t\t<div class=\"elementor-field\" id=\"form-field-field_77db7a5\"><div class=\"elementor-g-recaptcha\" data-sitekey=\"6Lf39PgrAAAAAJI7M5Ojq4QZzvPzwqyBrDpXTUlw\" data-type=\"v3\" data-action=\"Form\" data-badge=\"bottomright\" data-size=\"invisible\"><\/div><\/div>\t\t\t\t<\/div>\n\t\t\t\t\t\t\t\t<div class=\"elementor-field-type-text\">\n\t\t\t\t\t<input size=\"1\" type=\"text\" name=\"form_fields[field_cd8698d]\" id=\"form-field-field_cd8698d\" class=\"elementor-field elementor-size-sm \" style=\"display:none !important;\">\t\t\t\t<\/div>\n\t\t\t\t\t\t\t\t<div class=\"elementor-field-group elementor-column elementor-field-type-submit elementor-col-100 e-form__buttons\">\n\t\t\t\t\t<button class=\"elementor-button elementor-size-sm\" type=\"submit\">\n\t\t\t\t\t\t<span class=\"elementor-button-content-wrapper\">\n\t\t\t\t\t\t\t\t\t\t\t\t\t\t\t<span class=\"elementor-button-icon\">\n\t\t\t\t\t\t\t\t\t<svg aria-hidden=\"true\" class=\"e-font-icon-svg e-far-envelope-open\" viewBox=\"0 0 512 512\" xmlns=\"http:\/\/www.w3.org\/2000\/svg\"><path d=\"M494.586 164.516c-4.697-3.883-111.723-89.95-135.251-108.657C337.231 38.191 299.437 0 256 0c-43.205 0-80.636 37.717-103.335 55.859-24.463 19.45-131.07 105.195-135.15 108.549A48.004 48.004 0 0 0 0 201.485V464c0 26.51 21.49 48 48 48h416c26.51 0 48-21.49 48-48V201.509a48 48 0 0 0-17.414-36.993zM464 458a6 6 0 0 1-6 6H54a6 6 0 0 1-6-6V204.347c0-1.813.816-3.526 2.226-4.665 15.87-12.814 108.793-87.554 132.364-106.293C200.755 78.88 232.398 48 256 48c23.693 0 55.857 31.369 73.41 45.389 23.573 18.741 116.503 93.493 132.366 106.316a5.99 5.99 0 0 1 2.224 4.663V458zm-31.991-187.704c4.249 5.159 3.465 12.795-1.745 16.981-28.975 23.283-59.274 47.597-70.929 56.863C336.636 362.283 299.205 400 256 400c-43.452 0-81.287-38.237-103.335-55.86-11.279-8.967-41.744-33.413-70.927-56.865-5.21-4.187-5.993-11.822-1.745-16.981l15.258-18.528c4.178-5.073 11.657-5.843 16.779-1.726 28.618 23.001 58.566 47.035 70.56 56.571C200.143 320.631 232.307 352 256 352c23.602 0 55.246-30.88 73.41-45.389 11.994-9.535 41.944-33.57 70.563-56.568 5.122-4.116 12.601-3.346 16.778 1.727l15.258 18.526z\"><\/path><\/svg>\t\t\t\t\t\t\t\t\t\t\t\t\t\t\t\t\t<\/span>\n\t\t\t\t\t\t\t\t\t\t\t\t\t\t\t\t\t\t\t\t\t\t<span class=\"elementor-button-text\">Envia<\/span>\n\t\t\t\t\t\t\t\t\t\t\t\t\t<\/span>\n\t\t\t\t\t<\/button>\n\t\t\t\t<\/div>\n\t\t\t<\/div>\n\t\t<\/form>\n\t\t\t\t\t\t<\/div>\n\t\t\t\t<\/div>\n\t\t\t\t\t<\/div>\n\t\t\t\t<\/div>\n\t\t\t\t<\/div>\n\t\t","protected":false},"excerpt":{"rendered":"<p>Se necessitares de mais informa\u00e7\u00f5es, contacta-nos atrav\u00e9s do endere\u00e7o Tamb\u00e9m podes escrever para imi@montessorispace.comou telefonar-nos para +34 931 029 780 \/ +34 638 645 662.<\/p>\n","protected":false},"author":4,"featured_media":0,"parent":0,"menu_order":0,"comment_status":"closed","ping_status":"closed","template":"","meta":{"_acf_changed":false,"footnotes":""},"class_list":["post-11257","page","type-page","status-publish","hentry"],"acf":[],"_links":{"self":[{"href":"https:\/\/montessorispace.com\/pt-pt\/wp-json\/wp\/v2\/pages\/11257","targetHints":{"allow":["GET"]}}],"collection":[{"href":"https:\/\/montessorispace.com\/pt-pt\/wp-json\/wp\/v2\/pages"}],"about":[{"href":"https:\/\/montessorispace.com\/pt-pt\/wp-json\/wp\/v2\/types\/page"}],"author":[{"embeddable":true,"href":"https:\/\/montessorispace.com\/pt-pt\/wp-json\/wp\/v2\/users\/4"}],"replies":[{"embeddable":true,"href":"https:\/\/montessorispace.com\/pt-pt\/wp-json\/wp\/v2\/comments?post=11257"}],"version-history":[{"count":5,"href":"https:\/\/montessorispace.com\/pt-pt\/wp-json\/wp\/v2\/pages\/11257\/revisions"}],"predecessor-version":[{"id":430861,"href":"https:\/\/montessorispace.com\/pt-pt\/wp-json\/wp\/v2\/pages\/11257\/revisions\/430861"}],"wp:attachment":[{"href":"https:\/\/montessorispace.com\/pt-pt\/wp-json\/wp\/v2\/media?parent=11257"}],"curies":[{"name":"wp","href":"https:\/\/api.w.org\/{rel}","templated":true}]}}