{"id":11149,"date":"2025-01-24T10:36:52","date_gmt":"2025-01-24T09:36:52","guid":{"rendered":"https:\/\/montessorispace.com\/teste-montessori\/"},"modified":"2025-07-09T12:20:24","modified_gmt":"2025-07-09T10:20:24","slug":"teste-montessori","status":"publish","type":"page","link":"https:\/\/montessorispace.com\/pt-pt\/teste-montessori\/","title":{"rendered":"Teste Montessori"},"content":{"rendered":"\t\t<div data-elementor-type=\"wp-page\" data-elementor-id=\"11149\" class=\"elementor elementor-11149\" data-elementor-post-type=\"page\">\n\t\t\t\t<div class=\"elementor-element elementor-element-213ddba e-flex e-con-boxed e-con e-parent\" data-id=\"213ddba\" data-element_type=\"container\" data-e-type=\"container\" data-settings=\"{&quot;jet_parallax_layout_list&quot;:[]}\">\n\t\t\t\t\t<div class=\"e-con-inner\">\n\t\t\t\t<div class=\"elementor-element elementor-element-2616c15 elementor-widget elementor-widget-heading\" data-id=\"2616c15\" data-element_type=\"widget\" data-e-type=\"widget\" data-widget_type=\"heading.default\">\n\t\t\t\t<div class=\"elementor-widget-container\">\n\t\t\t\t\t<h2 class=\"elementor-heading-title elementor-size-default\">N\u00e3o sabes\n<span style=\"font-weight: bold;color: #D72827\">qual o curso a <\/span> seguir?<\/h2>\t\t\t\t<\/div>\n\t\t\t\t<\/div>\n\t\t\t\t<div class=\"elementor-element elementor-element-de517bb elementor-widget elementor-widget-text-editor\" data-id=\"de517bb\" data-element_type=\"widget\" data-e-type=\"widget\" data-widget_type=\"text-editor.default\">\n\t\t\t\t<div class=\"elementor-widget-container\">\n\t\t\t\t\t\t\t\t\tResponde a algumas perguntas sobre as tuas necessidades e interesses e dir-te-emos quais os cursos que melhor se adequam a ti:\n\n\t\t\t\t\t\t\t\t<\/div>\n\t\t\t\t<\/div>\n\t\t\t\t<div class=\"elementor-element elementor-element-31c4899 elementor-button-align-start elementor-widget__width-initial elementor-widget elementor-widget-form\" data-id=\"31c4899\" data-element_type=\"widget\" data-e-type=\"widget\" data-settings=\"{&quot;step_next_label&quot;:&quot;Seguinte&quot;,&quot;step_previous_label&quot;:&quot;Anterior&quot;,&quot;button_width&quot;:&quot;100&quot;,&quot;step_type&quot;:&quot;number_text&quot;,&quot;step_icon_shape&quot;:&quot;circle&quot;}\" data-widget_type=\"form.default\">\n\t\t\t\t<div class=\"elementor-widget-container\">\n\t\t\t\t\t<template id=\"cfef_logic_data_31c4899\" class=\"cfef_logic_data_js\" data-form-id=\"31c4899\">{&quot;field_64a2a4a&quot;:{&quot;display_mode&quot;:&quot;show&quot;,&quot;fire_action&quot;:&quot;All&quot;,&quot;file_types&quot;:&quot;png&quot;,&quot;logic_data&quot;:[{&quot;cfef_logic_field_id&quot;:&quot;finalidad&quot;,&quot;cfef_logic_field_is&quot;:&quot;==&quot;,&quot;cfef_logic_compare_value&quot;:&quot;Introducirme en el m\\u00e9todo Montessori&quot;,&quot;_id&quot;:&quot;2a4abd3&quot;}]},&quot;field_49ec2f5&quot;:{&quot;display_mode&quot;:&quot;show&quot;,&quot;fire_action&quot;:&quot;All&quot;,&quot;file_types&quot;:&quot;png&quot;,&quot;logic_data&quot;:[{&quot;cfef_logic_field_id&quot;:&quot;finalidad&quot;,&quot;cfef_logic_field_is&quot;:&quot;==&quot;,&quot;cfef_logic_compare_value&quot;:&quot;Trabajar en una escuela montessori&quot;,&quot;_id&quot;:&quot;2f66acf&quot;}]},&quot;field_a0a0474&quot;:{&quot;display_mode&quot;:&quot;show&quot;,&quot;fire_action&quot;:&quot;All&quot;,&quot;file_types&quot;:&quot;png&quot;,&quot;logic_data&quot;:[{&quot;cfef_logic_field_id&quot;:&quot;field_49ec2f5&quot;,&quot;cfef_logic_field_is&quot;:&quot;==&quot;,&quot;cfef_logic_compare_value&quot;:&quot;S\\u00ed&quot;,&quot;_id&quot;:&quot;148a8e2&quot;}]},&quot;field_d9d28ce&quot;:{&quot;display_mode&quot;:&quot;show&quot;,&quot;fire_action&quot;:&quot;All&quot;,&quot;file_types&quot;:&quot;png&quot;,&quot;logic_data&quot;:[{&quot;cfef_logic_field_id&quot;:&quot;field_49ec2f5&quot;,&quot;cfef_logic_field_is&quot;:&quot;==&quot;,&quot;cfef_logic_compare_value&quot;:&quot;No&quot;,&quot;_id&quot;:&quot;460e90f&quot;}]},&quot;field_9239a1f&quot;:{&quot;display_mode&quot;:&quot;show&quot;,&quot;fire_action&quot;:&quot;All&quot;,&quot;file_types&quot;:&quot;png&quot;,&quot;logic_data&quot;:[{&quot;cfef_logic_field_id&quot;:&quot;finalidad&quot;,&quot;cfef_logic_field_is&quot;:&quot;==&quot;,&quot;cfef_logic_compare_value&quot;:&quot;Abrir una escuela Montessori&quot;,&quot;_id&quot;:&quot;d263667&quot;}]},&quot;field_47ca993&quot;:{&quot;display_mode&quot;:&quot;show&quot;,&quot;fire_action&quot;:&quot;All&quot;,&quot;file_types&quot;:&quot;png&quot;,&quot;logic_data&quot;:[{&quot;cfef_logic_field_id&quot;:&quot;field_9239a1f&quot;,&quot;cfef_logic_field_is&quot;:&quot;==&quot;,&quot;cfef_logic_compare_value&quot;:&quot;No&quot;,&quot;_id&quot;:&quot;8cb4f1e&quot;}]},&quot;field_939c218&quot;:{&quot;display_mode&quot;:&quot;show&quot;,&quot;fire_action&quot;:&quot;All&quot;,&quot;file_types&quot;:&quot;png&quot;,&quot;logic_data&quot;:[{&quot;cfef_logic_field_id&quot;:&quot;finalidad&quot;,&quot;cfef_logic_field_is&quot;:&quot;==&quot;,&quot;cfef_logic_compare_value&quot;:&quot;Aprender a implementar el m\\u00e9todo en casa&quot;,&quot;_id&quot;:&quot;0044bab&quot;}]},&quot;field_f72e702&quot;:{&quot;display_mode&quot;:&quot;show&quot;,&quot;fire_action&quot;:&quot;All&quot;,&quot;file_types&quot;:&quot;png&quot;,&quot;logic_data&quot;:[{&quot;cfef_logic_field_id&quot;:&quot;finalidad&quot;,&quot;cfef_logic_field_is&quot;:&quot;==&quot;,&quot;cfef_logic_compare_value&quot;:&quot;Soy docente y quiero conocer otras pedagog\\u00edas para implementar en el aula&quot;,&quot;_id&quot;:&quot;22454d5&quot;}]},&quot;field_9b92b38&quot;:{&quot;display_mode&quot;:&quot;show&quot;,&quot;fire_action&quot;:&quot;All&quot;,&quot;file_types&quot;:&quot;png&quot;,&quot;logic_data&quot;:[{&quot;cfef_logic_field_id&quot;:&quot;field_f72e702&quot;,&quot;cfef_logic_field_is&quot;:&quot;==&quot;,&quot;cfef_logic_compare_value&quot;:&quot;S\\u00ed&quot;,&quot;_id&quot;:&quot;8d82775&quot;}]}}<\/template>\t\t<form class=\"elementor-form\" method=\"post\" name=\"Teste Montessori\" aria-label=\"Teste Montessori\">\n\t\t\t<input type=\"hidden\" name=\"post_id\" value=\"11149\"\/>\n\t\t\t<input type=\"hidden\" name=\"form_id\" value=\"31c4899\"\/>\n\t\t\t<input type=\"hidden\" name=\"referer_title\" value=\"\" \/>\n\n\t\t\t\n\t\t\t<div class=\"elementor-form-fields-wrapper elementor-labels-above\">\n\t\t\t\t\t\t\t\t<div class=\"elementor-field-type-email elementor-field-group elementor-column elementor-field-group-email elementor-col-100 elementor-field-required elementor-mark-required\">\n\t\t\t\t\t\t\t\t\t\t\t\t<label for=\"form-field-email\" class=\"elementor-field-label\">\n\t\t\t\t\t\t\t\tEndere\u00e7o de correio eletr\u00f3nico\t\t\t\t\t\t\t<\/label>\n\t\t\t\t\t\t\t\t\t\t\t\t\t\t<input size=\"1\" type=\"email\" name=\"form_fields[email]\" id=\"form-field-email\" class=\"elementor-field elementor-size-sm  elementor-field-textual\" required=\"required\">\n\t\t\t\t\t\t\t\t\t\t\t<\/div>\n\t\t\t\t\t\t\t\t<div class=\"elementor-field-type-radio elementor-field-group elementor-column elementor-field-group-finalidad elementor-col-100 elementor-field-required elementor-mark-required\">\n\t\t\t\t\t\t\t\t\t\t\t\t<label for=\"form-field-finalidad\" class=\"elementor-field-label\">\n\t\t\t\t\t\t\t\tQual \u00e9 o objetivo da forma\u00e7\u00e3o connosco?\t\t\t\t\t\t\t<\/label>\n\t\t\t\t\t\t<div class=\"elementor-field-subgroup  \"><span class=\"elementor-field-option\"><input type=\"radio\" value=\"Apresenta-me o m\u00e9todo Montessori\" id=\"form-field-finalidad-0\" name=\"form_fields[finalidad]\" required=\"required\"> <label for=\"form-field-finalidad-0\">Apresenta-me o m\u00e9todo Montessori<\/label><\/span><span class=\"elementor-field-option\"><input type=\"radio\" value=\"Trabalha numa escola Montessori\" id=\"form-field-finalidad-1\" name=\"form_fields[finalidad]\" required=\"required\"> <label for=\"form-field-finalidad-1\">Trabalha numa escola Montessori<\/label><\/span><span class=\"elementor-field-option\"><input type=\"radio\" value=\"Abre uma escola Montessori\" id=\"form-field-finalidad-2\" name=\"form_fields[finalidad]\" required=\"required\"> <label for=\"form-field-finalidad-2\">Abre uma escola Montessori<\/label><\/span><span class=\"elementor-field-option\"><input type=\"radio\" value=\"Aprende a implementar o m\u00e9todo em casa\" id=\"form-field-finalidad-3\" name=\"form_fields[finalidad]\" required=\"required\"> <label for=\"form-field-finalidad-3\">Aprende a implementar o m\u00e9todo em casa<\/label><\/span><span class=\"elementor-field-option\"><input type=\"radio\" value=\"Sou professor e quero aprender outras pedagogias para implementar na sala de aula.\" id=\"form-field-finalidad-4\" name=\"form_fields[finalidad]\" required=\"required\"> <label for=\"form-field-finalidad-4\">Sou professor e quero aprender outras pedagogias para implementar na sala de aula.<\/label><\/span><\/div>\t\t\t\t<\/div>\n\t\t\t\t\t\t\t\t<div class=\"elementor-field-type-radio elementor-field-group elementor-column elementor-field-group-field_64a2a4a elementor-col-100 elementor-field-required elementor-mark-required\">\n\t\t\t\t\t\t\t\t\t\t\t\t<label for=\"form-field-field_64a2a4a\" class=\"elementor-field-label\">\n\t\t\t\t\t\t\t\t2.1 Em que fase est\u00e1s mais interessado?  <br><span style=\"font-size: 12px; font-weight: 400; margin-top: 16px;\">Apresenta-me o m\u00e9todo Montessori<\/span>\t\t\t\t\t\t\t<\/label>\n\t\t\t\t\t\t<div class=\"elementor-field-subgroup  \"><span class=\"elementor-field-option\"><input type=\"radio\" value=\"0-3 anos\" id=\"form-field-field_64a2a4a-0\" name=\"form_fields[field_64a2a4a]\" required=\"required\"> <label for=\"form-field-field_64a2a4a-0\">0-3 anos<\/label><\/span><span class=\"elementor-field-option\"><input type=\"radio\" value=\"3-6 anos\" id=\"form-field-field_64a2a4a-1\" name=\"form_fields[field_64a2a4a]\" required=\"required\"> <label for=\"form-field-field_64a2a4a-1\">3-6 anos<\/label><\/span><span class=\"elementor-field-option\"><input type=\"radio\" value=\"6-12 anos\" id=\"form-field-field_64a2a4a-2\" name=\"form_fields[field_64a2a4a]\" required=\"required\"> <label for=\"form-field-field_64a2a4a-2\">6-12 anos<\/label><\/span><span class=\"elementor-field-option\"><input type=\"radio\" value=\"Todos\" id=\"form-field-field_64a2a4a-3\" name=\"form_fields[field_64a2a4a]\" required=\"required\"> <label for=\"form-field-field_64a2a4a-3\">Todos<\/label><\/span><\/div>\t\t\t\t<\/div>\n\t\t\t\t\t\t\t\t<div class=\"elementor-field-type-radio elementor-field-group elementor-column elementor-field-group-field_49ec2f5 elementor-col-100 elementor-field-required elementor-mark-required\">\n\t\t\t\t\t\t\t\t\t\t\t\t<label for=\"form-field-field_49ec2f5\" class=\"elementor-field-label\">\n\t\t\t\t\t\t\t\tTens um diploma?  <br><span style=\"font-size: 12px; font-weight: 400; margin-top: 16px;\">Trabalhar numa escola Montessori<\/span>\t\t\t\t\t\t\t<\/label>\n\t\t\t\t\t\t<div class=\"elementor-field-subgroup  \"><span class=\"elementor-field-option\"><input type=\"radio\" value=\"Sim\" id=\"form-field-field_49ec2f5-0\" name=\"form_fields[field_49ec2f5]\" required=\"required\"> <label for=\"form-field-field_49ec2f5-0\">Sim<\/label><\/span><span class=\"elementor-field-option\"><input type=\"radio\" value=\"N\u00e3o\" id=\"form-field-field_49ec2f5-1\" name=\"form_fields[field_49ec2f5]\" required=\"required\"> <label for=\"form-field-field_49ec2f5-1\">N\u00e3o<\/label><\/span><\/div>\t\t\t\t<\/div>\n\t\t\t\t\t\t\t\t<div class=\"elementor-field-type-radio elementor-field-group elementor-column elementor-field-group-field_a0a0474 elementor-col-100 elementor-field-required elementor-mark-required\">\n\t\t\t\t\t\t\t\t\t\t\t\t<label for=\"form-field-field_a0a0474\" class=\"elementor-field-label\">\n\t\t\t\t\t\t\t\t2.2 Em que fase est\u00e1s mais interessado?  <br><span style=\"font-size: 12px; font-weight: 400; margin-top: 16px;\">Com diploma de bacharel<\/span>\t\t\t\t\t\t\t<\/label>\n\t\t\t\t\t\t<div class=\"elementor-field-subgroup  \"><span class=\"elementor-field-option\"><input type=\"radio\" value=\"0-3 anos\" id=\"form-field-field_a0a0474-0\" name=\"form_fields[field_a0a0474]\" required=\"required\"> <label for=\"form-field-field_a0a0474-0\">0-3 anos<\/label><\/span><span class=\"elementor-field-option\"><input type=\"radio\" value=\"3-6 anos\" id=\"form-field-field_a0a0474-1\" name=\"form_fields[field_a0a0474]\" required=\"required\"> <label for=\"form-field-field_a0a0474-1\">3-6 anos<\/label><\/span><span class=\"elementor-field-option\"><input type=\"radio\" value=\"6-12 anos\" id=\"form-field-field_a0a0474-2\" name=\"form_fields[field_a0a0474]\" required=\"required\"> <label for=\"form-field-field_a0a0474-2\">6-12 anos<\/label><\/span><span class=\"elementor-field-option\"><input type=\"radio\" value=\"Todos\" id=\"form-field-field_a0a0474-3\" name=\"form_fields[field_a0a0474]\" required=\"required\"> <label for=\"form-field-field_a0a0474-3\">Todos<\/label><\/span><\/div>\t\t\t\t<\/div>\n\t\t\t\t\t\t\t\t<div class=\"elementor-field-type-radio elementor-field-group elementor-column elementor-field-group-field_d9d28ce elementor-col-100 elementor-field-required elementor-mark-required\">\n\t\t\t\t\t\t\t\t\t\t\t\t<label for=\"form-field-field_d9d28ce\" class=\"elementor-field-label\">\n\t\t\t\t\t\t\t\t2.3 Em que fase est\u00e1s mais interessado?  <br><span style=\"font-size: 12px; font-weight: 400; margin-top: 16px;\">Bacharelato n\u00e3o<\/span>\t\t\t\t\t\t\t<\/label>\n\t\t\t\t\t\t<div class=\"elementor-field-subgroup  \"><span class=\"elementor-field-option\"><input type=\"radio\" value=\"0-3 anos\" id=\"form-field-field_d9d28ce-0\" name=\"form_fields[field_d9d28ce]\" required=\"required\"> <label for=\"form-field-field_d9d28ce-0\">0-3 anos<\/label><\/span><span class=\"elementor-field-option\"><input type=\"radio\" value=\"3-6 anos\" id=\"form-field-field_d9d28ce-1\" name=\"form_fields[field_d9d28ce]\" required=\"required\"> <label for=\"form-field-field_d9d28ce-1\">3-6 anos<\/label><\/span><span class=\"elementor-field-option\"><input type=\"radio\" value=\"6-12 anos\" id=\"form-field-field_d9d28ce-2\" name=\"form_fields[field_d9d28ce]\" required=\"required\"> <label for=\"form-field-field_d9d28ce-2\">6-12 anos<\/label><\/span><span class=\"elementor-field-option\"><input type=\"radio\" value=\"Todos\" id=\"form-field-field_d9d28ce-3\" name=\"form_fields[field_d9d28ce]\" required=\"required\"> <label for=\"form-field-field_d9d28ce-3\">Todos<\/label><\/span><\/div>\t\t\t\t<\/div>\n\t\t\t\t\t\t\t\t<div class=\"elementor-field-type-radio elementor-field-group elementor-column elementor-field-group-field_9239a1f elementor-col-100 elementor-field-required elementor-mark-required\">\n\t\t\t\t\t\t\t\t\t\t\t\t<label for=\"form-field-field_9239a1f\" class=\"elementor-field-label\">\n\t\t\t\t\t\t\t\tTens um diploma?<br><span style=\"font-size: 12px; font-weight: 400; margin-top: 16px;\">Abrir uma escola Montessori<\/span>\t\t\t\t\t\t\t<\/label>\n\t\t\t\t\t\t<div class=\"elementor-field-subgroup  \"><span class=\"elementor-field-option\"><input type=\"radio\" value=\"Sim\" id=\"form-field-field_9239a1f-0\" name=\"form_fields[field_9239a1f]\" required=\"required\"> <label for=\"form-field-field_9239a1f-0\">Sim<\/label><\/span><span class=\"elementor-field-option\"><input type=\"radio\" value=\"N\u00e3o\" id=\"form-field-field_9239a1f-1\" name=\"form_fields[field_9239a1f]\" required=\"required\"> <label for=\"form-field-field_9239a1f-1\">N\u00e3o<\/label><\/span><\/div>\t\t\t\t<\/div>\n\t\t\t\t\t\t\t\t<div class=\"elementor-field-type-radio elementor-field-group elementor-column elementor-field-group-field_47ca993 elementor-col-100 elementor-field-required elementor-mark-required\">\n\t\t\t\t\t\t\t\t\t\t\t\t<label for=\"form-field-field_47ca993\" class=\"elementor-field-label\">\n\t\t\t\t\t\t\t\t2.5 Em que fase est\u00e1s mais interessado?<br><span style=\"font-size: 12px; font-weight: 400; margin-top: 16px;\">Abre uma escola Montessori - N\u00e3o<\/span>\t\t\t\t\t\t\t<\/label>\n\t\t\t\t\t\t<div class=\"elementor-field-subgroup  \"><span class=\"elementor-field-option\"><input type=\"radio\" value=\"0-3 anos\" id=\"form-field-field_47ca993-0\" name=\"form_fields[field_47ca993]\" required=\"required\"> <label for=\"form-field-field_47ca993-0\">0-3 anos<\/label><\/span><span class=\"elementor-field-option\"><input type=\"radio\" value=\"3-6 anos\" id=\"form-field-field_47ca993-1\" name=\"form_fields[field_47ca993]\" required=\"required\"> <label for=\"form-field-field_47ca993-1\">3-6 anos<\/label><\/span><span class=\"elementor-field-option\"><input type=\"radio\" value=\"6-12 anos\" id=\"form-field-field_47ca993-2\" name=\"form_fields[field_47ca993]\" required=\"required\"> <label for=\"form-field-field_47ca993-2\">6-12 anos<\/label><\/span><span class=\"elementor-field-option\"><input type=\"radio\" value=\"Todos\" id=\"form-field-field_47ca993-3\" name=\"form_fields[field_47ca993]\" required=\"required\"> <label for=\"form-field-field_47ca993-3\">Todos<\/label><\/span><\/div>\t\t\t\t<\/div>\n\t\t\t\t\t\t\t\t<div class=\"elementor-field-type-radio elementor-field-group elementor-column elementor-field-group-field_939c218 elementor-col-100 elementor-field-required elementor-mark-required\">\n\t\t\t\t\t\t\t\t\t\t\t\t<label for=\"form-field-field_939c218\" class=\"elementor-field-label\">\n\t\t\t\t\t\t\t\t2.6 Em que fase est\u00e1s mais interessado?<br><span style=\"font-size: 12px; font-weight: 400; margin-top: 16px;\">Aprende a aplicar o m\u00e9todo em casa<\/span>\t\t\t\t\t\t\t<\/label>\n\t\t\t\t\t\t<div class=\"elementor-field-subgroup  \"><span class=\"elementor-field-option\"><input type=\"radio\" value=\"0-3 anos\" id=\"form-field-field_939c218-0\" name=\"form_fields[field_939c218]\" required=\"required\"> <label for=\"form-field-field_939c218-0\">0-3 anos<\/label><\/span><span class=\"elementor-field-option\"><input type=\"radio\" value=\"3-6 anos\" id=\"form-field-field_939c218-1\" name=\"form_fields[field_939c218]\" required=\"required\"> <label for=\"form-field-field_939c218-1\">3-6 anos<\/label><\/span><span class=\"elementor-field-option\"><input type=\"radio\" value=\"Todos\" id=\"form-field-field_939c218-2\" name=\"form_fields[field_939c218]\" required=\"required\"> <label for=\"form-field-field_939c218-2\">Todos<\/label><\/span><\/div>\t\t\t\t<\/div>\n\t\t\t\t\t\t\t\t<div class=\"elementor-field-type-radio elementor-field-group elementor-column elementor-field-group-field_f72e702 elementor-col-100 elementor-field-required elementor-mark-required\">\n\t\t\t\t\t\t\t\t\t\t\t\t<label for=\"form-field-field_f72e702\" class=\"elementor-field-label\">\n\t\t\t\t\t\t\t\tProcuras uma forma\u00e7\u00e3o espec\u00edfica em Pedagogia Montessori?<br><span style=\"font-size: 12px; font-weight: 400; margin-top: 16px;\">Sou professora e quero aprender outras pedagogias para implementar na sala de aula.<\/span>\t\t\t\t\t\t\t<\/label>\n\t\t\t\t\t\t<div class=\"elementor-field-subgroup  \"><span class=\"elementor-field-option\"><input type=\"radio\" value=\"Sim\" id=\"form-field-field_f72e702-0\" name=\"form_fields[field_f72e702]\" required=\"required\"> <label for=\"form-field-field_f72e702-0\">Sim<\/label><\/span><span class=\"elementor-field-option\"><input type=\"radio\" value=\"N\u00e3o\" id=\"form-field-field_f72e702-1\" name=\"form_fields[field_f72e702]\" required=\"required\"> <label for=\"form-field-field_f72e702-1\">N\u00e3o<\/label><\/span><\/div>\t\t\t\t<\/div>\n\t\t\t\t\t\t\t\t<div class=\"elementor-field-type-radio elementor-field-group elementor-column elementor-field-group-field_9b92b38 elementor-col-100 elementor-field-required elementor-mark-required\">\n\t\t\t\t\t\t\t\t\t\t\t\t<label for=\"form-field-field_9b92b38\" class=\"elementor-field-label\">\n\t\t\t\t\t\t\t\t2.7 Em que fase est\u00e1s mais interessado?<br><span style=\"font-size: 12px; font-weight: 400; margin-top: 16px;\">Procuras uma forma\u00e7\u00e3o espec\u00edfica em Pedagogia Montessori? Sim <\/span>\t\t\t\t\t\t\t<\/label>\n\t\t\t\t\t\t<div class=\"elementor-field-subgroup  \"><span class=\"elementor-field-option\"><input type=\"radio\" value=\"0-3 anos\" id=\"form-field-field_9b92b38-0\" name=\"form_fields[field_9b92b38]\" required=\"required\"> <label for=\"form-field-field_9b92b38-0\">0-3 anos<\/label><\/span><span class=\"elementor-field-option\"><input type=\"radio\" value=\"3-6 anos\" id=\"form-field-field_9b92b38-1\" name=\"form_fields[field_9b92b38]\" required=\"required\"> <label for=\"form-field-field_9b92b38-1\">3-6 anos<\/label><\/span><span class=\"elementor-field-option\"><input type=\"radio\" value=\"6-12 anos\" id=\"form-field-field_9b92b38-2\" name=\"form_fields[field_9b92b38]\" required=\"required\"> <label for=\"form-field-field_9b92b38-2\">6-12 anos<\/label><\/span><span class=\"elementor-field-option\"><input type=\"radio\" value=\"Todos\" id=\"form-field-field_9b92b38-3\" name=\"form_fields[field_9b92b38]\" required=\"required\"> <label for=\"form-field-field_9b92b38-3\">Todos<\/label><\/span><\/div>\t\t\t\t<\/div>\n\t\t\t\t\t\t\t\t<div class=\"elementor-field-group elementor-column elementor-field-type-submit elementor-col-100 e-form__buttons\">\n\t\t\t\t\t<button class=\"elementor-button elementor-size-sm\" type=\"submit\">\n\t\t\t\t\t\t<span class=\"elementor-button-content-wrapper\">\n\t\t\t\t\t\t\t\t\t\t\t\t\t\t\t\t\t\t\t\t\t\t<span class=\"elementor-button-text\">Envia<\/span>\n\t\t\t\t\t\t\t\t\t\t\t\t\t<\/span>\n\t\t\t\t\t<\/button>\n\t\t\t\t<\/div>\n\t\t\t<\/div>\n\t\t<\/form>\n\t\t\t\t\t\t<\/div>\n\t\t\t\t<\/div>\n\t\t\t\t\t<\/div>\n\t\t\t\t<\/div>\n\t\t\t\t<\/div>\n\t\t","protected":false},"excerpt":{"rendered":"<p>N\u00e3o sabes qual o curso a seguir? Responde a algumas perguntas sobre as tuas necessidades e interesses e dir-te-emos quais os cursos que melhor se adequam a ti:<\/p>\n","protected":false},"author":4,"featured_media":0,"parent":0,"menu_order":0,"comment_status":"closed","ping_status":"closed","template":"","meta":{"_acf_changed":false,"footnotes":""},"class_list":["post-11149","page","type-page","status-publish","hentry"],"acf":[],"_links":{"self":[{"href":"https:\/\/montessorispace.com\/pt-pt\/wp-json\/wp\/v2\/pages\/11149","targetHints":{"allow":["GET"]}}],"collection":[{"href":"https:\/\/montessorispace.com\/pt-pt\/wp-json\/wp\/v2\/pages"}],"about":[{"href":"https:\/\/montessorispace.com\/pt-pt\/wp-json\/wp\/v2\/types\/page"}],"author":[{"embeddable":true,"href":"https:\/\/montessorispace.com\/pt-pt\/wp-json\/wp\/v2\/users\/4"}],"replies":[{"embeddable":true,"href":"https:\/\/montessorispace.com\/pt-pt\/wp-json\/wp\/v2\/comments?post=11149"}],"version-history":[{"count":2,"href":"https:\/\/montessorispace.com\/pt-pt\/wp-json\/wp\/v2\/pages\/11149\/revisions"}],"predecessor-version":[{"id":11151,"href":"https:\/\/montessorispace.com\/pt-pt\/wp-json\/wp\/v2\/pages\/11149\/revisions\/11151"}],"wp:attachment":[{"href":"https:\/\/montessorispace.com\/pt-pt\/wp-json\/wp\/v2\/media?parent=11149"}],"curies":[{"name":"wp","href":"https:\/\/api.w.org\/{rel}","templated":true}]}}