{"id":12839,"date":"2025-01-15T14:31:47","date_gmt":"2025-01-15T13:31:47","guid":{"rendered":"https:\/\/montessorispace.com\/aviso-legal\/"},"modified":"2025-09-12T09:30:20","modified_gmt":"2025-09-12T07:30:20","slug":"aviso-legal","status":"publish","type":"page","link":"https:\/\/montessorispace.com\/it\/aviso-legal\/","title":{"rendered":"Avviso legale"},"content":{"rendered":"\n<h2 class=\"wp-block-heading\">LEGGE SUI SERVIZI DELLA SOCIET\u00c0 DELL&#8217;INFORMAZIONE (LSSI)<\/h2>\n\n<p>EFFICE COMUNICACIONS, S.L., responsabile del sito web, di seguito RESPONSABILE, mette a disposizione degli utenti il presente documento, con il quale intende adempiere agli obblighi previsti dalla Legge 34\/2002, dell&#8217;11 luglio, sui Servizi della Societ\u00e0 dell&#8217;Informazione e del Commercio Elettronico (LSSICE), BOE n. 166, nonch\u00e9 informare tutti gli utenti del sito web in merito alle condizioni d&#8217;uso.<br\/><br\/>Tradotto con DeepL.com (versione gratuita)<\/p>\n\n<p>Chiunque acceda a questo sito web assume il ruolo di utente, impegnandosi a rispettare e adempiere rigorosamente alle disposizioni qui riportate, nonch\u00e9 a qualsiasi altra disposizione legale applicabile.<\/p>\n\n<p>EFFICE COMUNICACIONS, S.L. si riserva il diritto di modificare qualsiasi tipo di informazione che possa apparire sul sito web, senza alcun obbligo di preavviso o di informare gli utenti di tali obblighi, ritenendo sufficiente la pubblicazione sul sito web di EFFICE COMUNICACIONS, S.L..<\/p>\n\n<h2 class=\"wp-block-heading\">1. DATI IDENTIFICATIVI<\/h2>\n\n<p>Nome di dominio: montessorispace.com<\/p>\n\n<p>Nome commerciale: EFFICE COMUNICACIONS, S.L. Denominazione sociale: EFFICE COMUNICACIONS, S.L. Codice fiscale: B17885120<\/p>\n\n<p>Sede legale: Passeig de Gr\u00e0cia 101 2 2 , 08008 Barcellona (BARCELLONA)<\/p>\n\n<p>Telefono: 931029780<\/p>\n\n<p>E-mail: <a href=\"mailto:info@montessorispace.com\">info@montessorispace.com<\/a><\/p>\n\n<h2 class=\"wp-block-heading\">2. DIRITTI DI PROPRIET\u00c0 INTELLETTUALE E INDUSTRIALE<\/h2>\n\n<p>Il sito web, inclusi, a titolo esemplificativo ma non esaustivo, la sua programmazione, edizione, compilazione e altri elementi necessari al suo funzionamento, i disegni, i loghi, i testi e\/o la grafica, sono di propriet\u00e0 del RESPONSABILE o, se del caso, dispone di licenza o autorizzazione espressa da parte degli autori. Tutti i contenuti del sito web sono debitamente protetti dalla normativa sulla propriet\u00e0 intellettuale e industriale, nonch\u00e9 iscritti nei registri pubblici corrispondenti. <\/p>\n\n<p>Indipendentemente dallo scopo per cui sono destinati, la riproduzione totale o parziale, l&#8217;uso, lo sfruttamento, la distribuzione e la commercializzazione richiedono in ogni caso la previa autorizzazione scritta da parte del RESPONSABILE. Qualsiasi uso non preventivamente autorizzato \u00e8 considerato una grave violazione dei diritti di propriet\u00e0 intellettuale o industriale dell&#8217;autore. <\/p>\n\n<p>I disegni, i loghi, i testi e\/o i grafici non appartenenti al RESPONSABILE e che potrebbero apparire sul sito web appartengono ai rispettivi proprietari, i quali sono responsabili di qualsiasi controversia che possa sorgere in merito agli stessi. Il RESPONSABILE autorizza espressamente terzi a reindirizzare direttamente ai contenuti specifici del sito web e, in ogni caso, a reindirizzare al sito web principale montessorispace.com. <\/p>\n\n<p>Il RESPONSABILE riconosce ai titolari i relativi diritti di propriet\u00e0 intellettuale e industriale, senza che la loro semplice menzione o comparsa sul sito web implichi l&#8217;esistenza di diritti o responsabilit\u00e0 di alcun tipo su di essi, n\u00e9 tantomeno sostegno, sponsorizzazione o raccomandazione da parte dello stesso.<\/p>\n\n<p>Per segnalare eventuali violazioni dei diritti di propriet\u00e0 intellettuale o industriale, nonch\u00e9 qualsiasi contenuto del sito web, \u00e8 possibile inviare un&#8217;e-mail all&#8217;indirizzo<a href=\"mailto:info@montessorispace.com\"> info@montessorispace.com.<\/a><\/p>\n\n<h2 class=\"wp-block-heading\">3. ESCLUSIONE DI RESPONSABILIT\u00c0<\/h2>\n\n<p>Il RESPONSABILE declina ogni responsabilit\u00e0 derivante dalle informazioni pubblicate sul proprio sito web qualora tali informazioni siano state manipolate o inserite da terzi estranei allo stesso.<\/p>\n\n<h2 class=\"wp-block-heading\">Utilizzo dei cookie<\/h2>\n\n<p>Questo sito web pu\u00f2 utilizzare cookie tecnici (piccoli file di informazioni che il server invia al computer di chi accede alla pagina) per svolgere determinate funzioni ritenute indispensabili per il corretto funzionamento e la visualizzazione del sito. I cookie utilizzati hanno, in ogni caso, carattere temporaneo, con l&#8217;unico scopo di rendere pi\u00f9 efficiente la navigazione, e scompaiono al termine della sessione dell&#8217;utente. In nessun caso questi cookie forniscono di per s\u00e9 dati di carattere personale e non saranno utilizzati per la raccolta degli stessi.  <\/p>\n\n<p>Attraverso l&#8217;uso dei cookie \u00e8 anche possibile che il server su cui si trova il sito web riconosca il browser utilizzato dall&#8217;utente al fine di semplificare la navigazione, consentendo, ad esempio, agli utenti che si sono precedentemente registrati di accedere alle aree, ai servizi, alle promozioni o ai concorsi riservati esclusivamente a loro senza doversi registrare ad ogni visita. Possono anche essere utilizzati per misurare l&#8217;audience, i parametri di traffico, controllare l&#8217;andamento e il numero di accessi, ecc. In questi casi i cookie sono tecnicamente superflui, ma vantaggiosi per l&#8217;utente. Questo sito web non installer\u00e0 cookie superflui senza il previo consenso dell&#8217;utente.  <\/p>\n\n<p>L&#8217;utente ha la possibilit\u00e0 di configurare il proprio browser in modo da essere avvisato della ricezione dei cookie e impedirne l&#8217;installazione sul proprio computer. Per ulteriori informazioni, consultare le istruzioni del browser. <\/p>\n\n<h2 class=\"wp-block-heading\">Politica sui link<\/h2>\n\n<p>Dal sito web \u00e8 possibile essere reindirizzati a contenuti di siti web di terzi. Poich\u00e9 il RESPONSABILE non pu\u00f2 controllare sempre i contenuti inseriti da terzi nei rispettivi siti web, non si assume alcuna responsabilit\u00e0 in merito a tali contenuti. In ogni caso, proceder\u00e0 alla rimozione immediata di qualsiasi contenuto che possa violare la legislazione nazionale o internazionale, la morale o l&#8217;ordine pubblico, procedendo alla rimozione immediata del reindirizzamento a tale sito web e segnalando il contenuto in questione alle autorit\u00e0 competenti.  <\/p>\n\n<p>Il RESPONSABILE non \u00e8 responsabile delle informazioni e dei contenuti memorizzati, a titolo esemplificativo ma non esaustivo, in forum, chat, generatori di blog, commenti, social network o qualsiasi altro mezzo che consenta a terzi di pubblicare contenuti in modo indipendente sul sito web del RESPONSABILE. Tuttavia, in conformit\u00e0 con quanto previsto dagli articoli 11 e 16 della LSSICE, si mette a disposizione di tutti gli utenti, autorit\u00e0 e forze di sicurezza, collaborando attivamente alla rimozione o, se del caso, al blocco di tutti quei contenuti che possono influenzare o violare la legislazione nazionale o internazionale, i diritti di terzi o la morale e l&#8217;ordine pubblico. Qualora l&#8217;utente ritenga che sul sito web sia presente un contenuto che potrebbe essere soggetto a tale classificazione, \u00e8 pregato di segnalarlo immediatamente all&#8217;amministratore del sito web.  <\/p>\n\n<p>Questo sito web \u00e8 stato revisionato e testato per funzionare correttamente. In linea di principio, \u00e8 possibile garantire il corretto funzionamento 365 giorni all&#8217;anno, 24 ore al giorno. Tuttavia, il RESPONSABILE non esclude la possibilit\u00e0 che possano verificarsi alcuni errori di programmazione, o che si verifichino cause di forza maggiore, catastrofi naturali, scioperi o circostanze simili che rendano impossibile l&#8217;accesso al sito web.  <\/p>\n\n<h2 class=\"wp-block-heading\">Indirizzi IP<\/h2>\n\n<p>I server del sito web possono rilevare automaticamente l&#8217;indirizzo IP e il nome di dominio utilizzati dall&#8217;utente. Un indirizzo IP \u00e8 un numero assegnato automaticamente a un computer quando si connette a Internet. Tutte queste informazioni vengono registrate in un file di attivit\u00e0 del server che consente la successiva elaborazione dei dati al fine di ottenere misurazioni esclusivamente statistiche che consentono di conoscere il numero di pagine visualizzate, il numero di visite effettuate ai server web, l&#8217;ordine delle visite, il punto di accesso, ecc.  <\/p>\n\n<h2 class=\"wp-block-heading\">4. LEGGE APPLICABILE E GIURISDIZIONE<\/h2>\n\n<p>Per la risoluzione di tutte le controversie o questioni relative al presente sito web o alle attivit\u00e0 in esso svolte, si applicher\u00e0 la legislazione spagnola, alla quale le parti si sottopongono espressamente, essendo competenti per la risoluzione di tutti i conflitti derivati o relativi al suo utilizzo i Tribunali del domicilio dell&#8217;UTENTE o il luogo di adempimento dell&#8217;obbligo.<\/p>\n","protected":false},"excerpt":{"rendered":"<p>LEGGE SUI SERVIZI DELLA SOCIET\u00c0 DELL&#8217;INFORMAZIONE (LSSI) EFFICE COMUNICACIONS, S.L., responsabile del sito web, di seguito RESPONSABILE, mette a disposizione degli utenti il presente documento, con il quale intende adempiere agli obblighi previsti dalla Legge 34\/2002, dell&#8217;11 luglio, sui Servizi della Societ\u00e0 dell&#8217;Informazione e del Commercio Elettronico (LSSICE), BOE n. 166, nonch\u00e9 informare tutti gli [&hellip;]<\/p>\n","protected":false},"author":4,"featured_media":0,"parent":0,"menu_order":0,"comment_status":"closed","ping_status":"closed","template":"","meta":{"_acf_changed":false,"footnotes":""},"class_list":["post-12839","page","type-page","status-publish","hentry"],"acf":[],"_links":{"self":[{"href":"https:\/\/montessorispace.com\/it\/wp-json\/wp\/v2\/pages\/12839","targetHints":{"allow":["GET"]}}],"collection":[{"href":"https:\/\/montessorispace.com\/it\/wp-json\/wp\/v2\/pages"}],"about":[{"href":"https:\/\/montessorispace.com\/it\/wp-json\/wp\/v2\/types\/page"}],"author":[{"embeddable":true,"href":"https:\/\/montessorispace.com\/it\/wp-json\/wp\/v2\/users\/4"}],"replies":[{"embeddable":true,"href":"https:\/\/montessorispace.com\/it\/wp-json\/wp\/v2\/comments?post=12839"}],"version-history":[{"count":3,"href":"https:\/\/montessorispace.com\/it\/wp-json\/wp\/v2\/pages\/12839\/revisions"}],"predecessor-version":[{"id":12842,"href":"https:\/\/montessorispace.com\/it\/wp-json\/wp\/v2\/pages\/12839\/revisions\/12842"}],"wp:attachment":[{"href":"https:\/\/montessorispace.com\/it\/wp-json\/wp\/v2\/media?parent=12839"}],"curies":[{"name":"wp","href":"https:\/\/api.w.org\/{rel}","templated":true}]}}