{"id":11247,"date":"2025-01-24T10:36:52","date_gmt":"2025-01-24T09:36:52","guid":{"rendered":"https:\/\/montessorispace.com\/test-montessori\/"},"modified":"2025-07-10T13:12:31","modified_gmt":"2025-07-10T11:12:31","slug":"test-montessori","status":"publish","type":"page","link":"https:\/\/montessorispace.com\/fr\/test-montessori\/","title":{"rendered":"Test Montessori"},"content":{"rendered":"\t\t<div data-elementor-type=\"wp-page\" data-elementor-id=\"11247\" class=\"elementor elementor-11247\" data-elementor-post-type=\"page\">\n\t\t\t\t<div class=\"elementor-element elementor-element-213ddba e-flex e-con-boxed e-con e-parent\" data-id=\"213ddba\" data-element_type=\"container\" data-e-type=\"container\" data-settings=\"{&quot;jet_parallax_layout_list&quot;:[]}\">\n\t\t\t\t\t<div class=\"e-con-inner\">\n\t\t\t\t<div class=\"elementor-element elementor-element-2616c15 elementor-widget elementor-widget-heading\" data-id=\"2616c15\" data-element_type=\"widget\" data-e-type=\"widget\" data-widget_type=\"heading.default\">\n\t\t\t\t<div class=\"elementor-widget-container\">\n\t\t\t\t\t<h2 class=\"elementor-heading-title elementor-size-default\">Vous ne savez pas\n<span style=\"font-weight: bold;color: #D72827\">quel cours suivre <\/span>?<\/h2>\t\t\t\t<\/div>\n\t\t\t\t<\/div>\n\t\t\t\t<div class=\"elementor-element elementor-element-de517bb elementor-widget elementor-widget-text-editor\" data-id=\"de517bb\" data-element_type=\"widget\" data-e-type=\"widget\" data-widget_type=\"text-editor.default\">\n\t\t\t\t<div class=\"elementor-widget-container\">\n\t\t\t\t\t\t\t\t\tR\u00e9pondez \u00e0 quelques questions sur vos besoins et vos int\u00e9r\u00eats et nous vous indiquerons les cours qui vous conviennent le mieux :\n\n\t\t\t\t\t\t\t\t<\/div>\n\t\t\t\t<\/div>\n\t\t\t\t<div class=\"elementor-element elementor-element-31c4899 elementor-button-align-start elementor-widget__width-initial elementor-widget elementor-widget-form\" data-id=\"31c4899\" data-element_type=\"widget\" data-e-type=\"widget\" data-settings=\"{&quot;step_next_label&quot;:&quot;Suivant&quot;,&quot;step_previous_label&quot;:&quot;Pr\\u00e9c\\u00e9dent&quot;,&quot;button_width&quot;:&quot;100&quot;,&quot;step_type&quot;:&quot;number_text&quot;,&quot;step_icon_shape&quot;:&quot;circle&quot;}\" data-widget_type=\"form.default\">\n\t\t\t\t<div class=\"elementor-widget-container\">\n\t\t\t\t\t<template id=\"cfef_logic_data_31c4899\" class=\"cfef_logic_data_js\" data-form-id=\"31c4899\">{&quot;field_64a2a4a&quot;:{&quot;display_mode&quot;:&quot;show&quot;,&quot;fire_action&quot;:&quot;All&quot;,&quot;file_types&quot;:&quot;png&quot;,&quot;logic_data&quot;:[{&quot;cfef_logic_field_id&quot;:&quot;finalidad&quot;,&quot;cfef_logic_field_is&quot;:&quot;==&quot;,&quot;cfef_logic_compare_value&quot;:&quot;Introducirme en el m\\u00e9todo Montessori&quot;,&quot;_id&quot;:&quot;2a4abd3&quot;}]},&quot;field_49ec2f5&quot;:{&quot;display_mode&quot;:&quot;show&quot;,&quot;fire_action&quot;:&quot;All&quot;,&quot;file_types&quot;:&quot;png&quot;,&quot;logic_data&quot;:[{&quot;cfef_logic_field_id&quot;:&quot;finalidad&quot;,&quot;cfef_logic_field_is&quot;:&quot;==&quot;,&quot;cfef_logic_compare_value&quot;:&quot;Trabajar en una escuela montessori&quot;,&quot;_id&quot;:&quot;2f66acf&quot;}]},&quot;field_a0a0474&quot;:{&quot;display_mode&quot;:&quot;show&quot;,&quot;fire_action&quot;:&quot;All&quot;,&quot;file_types&quot;:&quot;png&quot;,&quot;logic_data&quot;:[{&quot;cfef_logic_field_id&quot;:&quot;field_49ec2f5&quot;,&quot;cfef_logic_field_is&quot;:&quot;==&quot;,&quot;cfef_logic_compare_value&quot;:&quot;S\\u00ed&quot;,&quot;_id&quot;:&quot;148a8e2&quot;}]},&quot;field_d9d28ce&quot;:{&quot;display_mode&quot;:&quot;show&quot;,&quot;fire_action&quot;:&quot;All&quot;,&quot;file_types&quot;:&quot;png&quot;,&quot;logic_data&quot;:[{&quot;cfef_logic_field_id&quot;:&quot;field_49ec2f5&quot;,&quot;cfef_logic_field_is&quot;:&quot;==&quot;,&quot;cfef_logic_compare_value&quot;:&quot;No&quot;,&quot;_id&quot;:&quot;460e90f&quot;}]},&quot;field_9239a1f&quot;:{&quot;display_mode&quot;:&quot;show&quot;,&quot;fire_action&quot;:&quot;All&quot;,&quot;file_types&quot;:&quot;png&quot;,&quot;logic_data&quot;:[{&quot;cfef_logic_field_id&quot;:&quot;finalidad&quot;,&quot;cfef_logic_field_is&quot;:&quot;==&quot;,&quot;cfef_logic_compare_value&quot;:&quot;Abrir una escuela Montessori&quot;,&quot;_id&quot;:&quot;d263667&quot;}]},&quot;field_47ca993&quot;:{&quot;display_mode&quot;:&quot;show&quot;,&quot;fire_action&quot;:&quot;All&quot;,&quot;file_types&quot;:&quot;png&quot;,&quot;logic_data&quot;:[{&quot;cfef_logic_field_id&quot;:&quot;field_9239a1f&quot;,&quot;cfef_logic_field_is&quot;:&quot;==&quot;,&quot;cfef_logic_compare_value&quot;:&quot;No&quot;,&quot;_id&quot;:&quot;8cb4f1e&quot;}]},&quot;field_939c218&quot;:{&quot;display_mode&quot;:&quot;show&quot;,&quot;fire_action&quot;:&quot;All&quot;,&quot;file_types&quot;:&quot;png&quot;,&quot;logic_data&quot;:[{&quot;cfef_logic_field_id&quot;:&quot;finalidad&quot;,&quot;cfef_logic_field_is&quot;:&quot;==&quot;,&quot;cfef_logic_compare_value&quot;:&quot;Aprender a implementar el m\\u00e9todo en casa&quot;,&quot;_id&quot;:&quot;0044bab&quot;}]},&quot;field_f72e702&quot;:{&quot;display_mode&quot;:&quot;show&quot;,&quot;fire_action&quot;:&quot;All&quot;,&quot;file_types&quot;:&quot;png&quot;,&quot;logic_data&quot;:[{&quot;cfef_logic_field_id&quot;:&quot;finalidad&quot;,&quot;cfef_logic_field_is&quot;:&quot;==&quot;,&quot;cfef_logic_compare_value&quot;:&quot;Soy docente y quiero conocer otras pedagog\\u00edas para implementar en el aula&quot;,&quot;_id&quot;:&quot;22454d5&quot;}]},&quot;field_9b92b38&quot;:{&quot;display_mode&quot;:&quot;show&quot;,&quot;fire_action&quot;:&quot;All&quot;,&quot;file_types&quot;:&quot;png&quot;,&quot;logic_data&quot;:[{&quot;cfef_logic_field_id&quot;:&quot;field_f72e702&quot;,&quot;cfef_logic_field_is&quot;:&quot;==&quot;,&quot;cfef_logic_compare_value&quot;:&quot;S\\u00ed&quot;,&quot;_id&quot;:&quot;8d82775&quot;}]}}<\/template>\t\t<form class=\"elementor-form\" method=\"post\" name=\"Test Montessori\" aria-label=\"Test Montessori\">\n\t\t\t<input type=\"hidden\" name=\"post_id\" value=\"11247\"\/>\n\t\t\t<input type=\"hidden\" name=\"form_id\" value=\"31c4899\"\/>\n\t\t\t<input type=\"hidden\" name=\"referer_title\" value=\"\" \/>\n\n\t\t\t\n\t\t\t<div class=\"elementor-form-fields-wrapper elementor-labels-above\">\n\t\t\t\t\t\t\t\t<div class=\"elementor-field-type-email elementor-field-group elementor-column elementor-field-group-email elementor-col-100 elementor-field-required elementor-mark-required\">\n\t\t\t\t\t\t\t\t\t\t\t\t<label for=\"form-field-email\" class=\"elementor-field-label\">\n\t\t\t\t\t\t\t\tAdresse \u00e9lectronique\t\t\t\t\t\t\t<\/label>\n\t\t\t\t\t\t\t\t\t\t\t\t\t\t<input size=\"1\" type=\"email\" name=\"form_fields[email]\" id=\"form-field-email\" class=\"elementor-field elementor-size-sm  elementor-field-textual\" required=\"required\">\n\t\t\t\t\t\t\t\t\t\t\t<\/div>\n\t\t\t\t\t\t\t\t<div class=\"elementor-field-type-radio elementor-field-group elementor-column elementor-field-group-finalidad elementor-col-100 elementor-field-required elementor-mark-required\">\n\t\t\t\t\t\t\t\t\t\t\t\t<label for=\"form-field-finalidad\" class=\"elementor-field-label\">\n\t\t\t\t\t\t\t\tQuel est l'objectif d'une formation avec nous ?\t\t\t\t\t\t\t<\/label>\n\t\t\t\t\t\t<div class=\"elementor-field-subgroup  \"><span class=\"elementor-field-option\"><input type=\"radio\" value=\"Pr\u00e9sentez-moi la m\u00e9thode Montessori\" id=\"form-field-finalidad-0\" name=\"form_fields[finalidad]\" required=\"required\"> <label for=\"form-field-finalidad-0\">Pr\u00e9sentez-moi la m\u00e9thode Montessori<\/label><\/span><span class=\"elementor-field-option\"><input type=\"radio\" value=\"Travaillez dans une \u00e9cole Montessori\" id=\"form-field-finalidad-1\" name=\"form_fields[finalidad]\" required=\"required\"> <label for=\"form-field-finalidad-1\">Travaillez dans une \u00e9cole Montessori<\/label><\/span><span class=\"elementor-field-option\"><input type=\"radio\" value=\"Ouvrez une \u00e9cole Montessori\" id=\"form-field-finalidad-2\" name=\"form_fields[finalidad]\" required=\"required\"> <label for=\"form-field-finalidad-2\">Ouvrez une \u00e9cole Montessori<\/label><\/span><span class=\"elementor-field-option\"><input type=\"radio\" value=\"Apprenez \u00e0 mettre en \u0153uvre la m\u00e9thode \u00e0 la maison\" id=\"form-field-finalidad-3\" name=\"form_fields[finalidad]\" required=\"required\"> <label for=\"form-field-finalidad-3\">Apprenez \u00e0 mettre en \u0153uvre la m\u00e9thode \u00e0 la maison<\/label><\/span><span class=\"elementor-field-option\"><input type=\"radio\" value=\"Je suis enseignant et je souhaite d\u00e9couvrir d&#039;autres p\u00e9dagogies \u00e0 mettre en \u0153uvre dans la classe.\" id=\"form-field-finalidad-4\" name=\"form_fields[finalidad]\" required=\"required\"> <label for=\"form-field-finalidad-4\">Je suis enseignant et je souhaite d\u00e9couvrir d'autres p\u00e9dagogies \u00e0 mettre en \u0153uvre dans la classe.<\/label><\/span><\/div>\t\t\t\t<\/div>\n\t\t\t\t\t\t\t\t<div class=\"elementor-field-type-radio elementor-field-group elementor-column elementor-field-group-field_64a2a4a elementor-col-100 elementor-field-required elementor-mark-required\">\n\t\t\t\t\t\t\t\t\t\t\t\t<label for=\"form-field-field_64a2a4a\" class=\"elementor-field-label\">\n\t\t\t\t\t\t\t\t2.1 Quelle est l'\u00e9tape qui vous int\u00e9resse le plus ?  <br><span style=\"font-size: 12px; font-weight: 400; margin-top: 16px;\">Me pr\u00e9senter la m\u00e9thode Montessori<\/span>\t\t\t\t\t\t\t<\/label>\n\t\t\t\t\t\t<div class=\"elementor-field-subgroup  \"><span class=\"elementor-field-option\"><input type=\"radio\" value=\"0-3 ans\" id=\"form-field-field_64a2a4a-0\" name=\"form_fields[field_64a2a4a]\" required=\"required\"> <label for=\"form-field-field_64a2a4a-0\">0-3 ans<\/label><\/span><span class=\"elementor-field-option\"><input type=\"radio\" value=\"3-6 ans\" id=\"form-field-field_64a2a4a-1\" name=\"form_fields[field_64a2a4a]\" required=\"required\"> <label for=\"form-field-field_64a2a4a-1\">3-6 ans<\/label><\/span><span class=\"elementor-field-option\"><input type=\"radio\" value=\"6-12 ans\" id=\"form-field-field_64a2a4a-2\" name=\"form_fields[field_64a2a4a]\" required=\"required\"> <label for=\"form-field-field_64a2a4a-2\">6-12 ans<\/label><\/span><span class=\"elementor-field-option\"><input type=\"radio\" value=\"Tous\" id=\"form-field-field_64a2a4a-3\" name=\"form_fields[field_64a2a4a]\" required=\"required\"> <label for=\"form-field-field_64a2a4a-3\">Tous<\/label><\/span><\/div>\t\t\t\t<\/div>\n\t\t\t\t\t\t\t\t<div class=\"elementor-field-type-radio elementor-field-group elementor-column elementor-field-group-field_49ec2f5 elementor-col-100 elementor-field-required elementor-mark-required\">\n\t\t\t\t\t\t\t\t\t\t\t\t<label for=\"form-field-field_49ec2f5\" class=\"elementor-field-label\">\n\t\t\t\t\t\t\t\tAvez-vous un dipl\u00f4me ?  <br><span style=\"font-size: 12px; font-weight: 400; margin-top: 16px;\">Travailler dans une \u00e9cole Montessori<\/span>\t\t\t\t\t\t\t<\/label>\n\t\t\t\t\t\t<div class=\"elementor-field-subgroup  \"><span class=\"elementor-field-option\"><input type=\"radio\" value=\"Oui\" id=\"form-field-field_49ec2f5-0\" name=\"form_fields[field_49ec2f5]\" required=\"required\"> <label for=\"form-field-field_49ec2f5-0\">Oui<\/label><\/span><span class=\"elementor-field-option\"><input type=\"radio\" value=\"Non\" id=\"form-field-field_49ec2f5-1\" name=\"form_fields[field_49ec2f5]\" required=\"required\"> <label for=\"form-field-field_49ec2f5-1\">Non<\/label><\/span><\/div>\t\t\t\t<\/div>\n\t\t\t\t\t\t\t\t<div class=\"elementor-field-type-radio elementor-field-group elementor-column elementor-field-group-field_a0a0474 elementor-col-100 elementor-field-required elementor-mark-required\">\n\t\t\t\t\t\t\t\t\t\t\t\t<label for=\"form-field-field_a0a0474\" class=\"elementor-field-label\">\n\t\t\t\t\t\t\t\t2.2 Quelle est l'\u00e9tape qui vous int\u00e9resse le plus ?  <br><span style=\"font-size: 12px; font-weight: 400; margin-top: 16px;\">Avec une licence<\/span>\t\t\t\t\t\t\t<\/label>\n\t\t\t\t\t\t<div class=\"elementor-field-subgroup  \"><span class=\"elementor-field-option\"><input type=\"radio\" value=\"0-3 ans\" id=\"form-field-field_a0a0474-0\" name=\"form_fields[field_a0a0474]\" required=\"required\"> <label for=\"form-field-field_a0a0474-0\">0-3 ans<\/label><\/span><span class=\"elementor-field-option\"><input type=\"radio\" value=\"3-6 ans\" id=\"form-field-field_a0a0474-1\" name=\"form_fields[field_a0a0474]\" required=\"required\"> <label for=\"form-field-field_a0a0474-1\">3-6 ans<\/label><\/span><span class=\"elementor-field-option\"><input type=\"radio\" value=\"6-12 ans\" id=\"form-field-field_a0a0474-2\" name=\"form_fields[field_a0a0474]\" required=\"required\"> <label for=\"form-field-field_a0a0474-2\">6-12 ans<\/label><\/span><span class=\"elementor-field-option\"><input type=\"radio\" value=\"Tous\" id=\"form-field-field_a0a0474-3\" name=\"form_fields[field_a0a0474]\" required=\"required\"> <label for=\"form-field-field_a0a0474-3\">Tous<\/label><\/span><\/div>\t\t\t\t<\/div>\n\t\t\t\t\t\t\t\t<div class=\"elementor-field-type-radio elementor-field-group elementor-column elementor-field-group-field_d9d28ce elementor-col-100 elementor-field-required elementor-mark-required\">\n\t\t\t\t\t\t\t\t\t\t\t\t<label for=\"form-field-field_d9d28ce\" class=\"elementor-field-label\">\n\t\t\t\t\t\t\t\t2.3 Quelle est l'\u00e9tape qui vous int\u00e9resse le plus ?  <br><span style=\"font-size: 12px; font-weight: 400; margin-top: 16px;\">Baccalaur\u00e9at non<\/span>\t\t\t\t\t\t\t<\/label>\n\t\t\t\t\t\t<div class=\"elementor-field-subgroup  \"><span class=\"elementor-field-option\"><input type=\"radio\" value=\"0-3 ans\" id=\"form-field-field_d9d28ce-0\" name=\"form_fields[field_d9d28ce]\" required=\"required\"> <label for=\"form-field-field_d9d28ce-0\">0-3 ans<\/label><\/span><span class=\"elementor-field-option\"><input type=\"radio\" value=\"3-6 ans\" id=\"form-field-field_d9d28ce-1\" name=\"form_fields[field_d9d28ce]\" required=\"required\"> <label for=\"form-field-field_d9d28ce-1\">3-6 ans<\/label><\/span><span class=\"elementor-field-option\"><input type=\"radio\" value=\"6-12 ans\" id=\"form-field-field_d9d28ce-2\" name=\"form_fields[field_d9d28ce]\" required=\"required\"> <label for=\"form-field-field_d9d28ce-2\">6-12 ans<\/label><\/span><span class=\"elementor-field-option\"><input type=\"radio\" value=\"Tous\" id=\"form-field-field_d9d28ce-3\" name=\"form_fields[field_d9d28ce]\" required=\"required\"> <label for=\"form-field-field_d9d28ce-3\">Tous<\/label><\/span><\/div>\t\t\t\t<\/div>\n\t\t\t\t\t\t\t\t<div class=\"elementor-field-type-radio elementor-field-group elementor-column elementor-field-group-field_9239a1f elementor-col-100 elementor-field-required elementor-mark-required\">\n\t\t\t\t\t\t\t\t\t\t\t\t<label for=\"form-field-field_9239a1f\" class=\"elementor-field-label\">\n\t\t\t\t\t\t\t\tAvez-vous un dipl\u00f4me ?<br><span style=\"font-size: 12px; font-weight: 400; margin-top: 16px;\">Ouvrir une \u00e9cole Montessori<\/span>\t\t\t\t\t\t\t<\/label>\n\t\t\t\t\t\t<div class=\"elementor-field-subgroup  \"><span class=\"elementor-field-option\"><input type=\"radio\" value=\"Oui\" id=\"form-field-field_9239a1f-0\" name=\"form_fields[field_9239a1f]\" required=\"required\"> <label for=\"form-field-field_9239a1f-0\">Oui<\/label><\/span><span class=\"elementor-field-option\"><input type=\"radio\" value=\"Non\" id=\"form-field-field_9239a1f-1\" name=\"form_fields[field_9239a1f]\" required=\"required\"> <label for=\"form-field-field_9239a1f-1\">Non<\/label><\/span><\/div>\t\t\t\t<\/div>\n\t\t\t\t\t\t\t\t<div class=\"elementor-field-type-radio elementor-field-group elementor-column elementor-field-group-field_47ca993 elementor-col-100 elementor-field-required elementor-mark-required\">\n\t\t\t\t\t\t\t\t\t\t\t\t<label for=\"form-field-field_47ca993\" class=\"elementor-field-label\">\n\t\t\t\t\t\t\t\t2.5 Quelle est l'\u00e9tape qui vous int\u00e9resse le plus ?<br><span style=\"font-size: 12px; font-weight: 400; margin-top: 16px;\">Ouvrir une \u00e9cole Montessori - Non<\/span>\t\t\t\t\t\t\t<\/label>\n\t\t\t\t\t\t<div class=\"elementor-field-subgroup  \"><span class=\"elementor-field-option\"><input type=\"radio\" value=\"0-3 ans\" id=\"form-field-field_47ca993-0\" name=\"form_fields[field_47ca993]\" required=\"required\"> <label for=\"form-field-field_47ca993-0\">0-3 ans<\/label><\/span><span class=\"elementor-field-option\"><input type=\"radio\" value=\"3-6 ans\" id=\"form-field-field_47ca993-1\" name=\"form_fields[field_47ca993]\" required=\"required\"> <label for=\"form-field-field_47ca993-1\">3-6 ans<\/label><\/span><span class=\"elementor-field-option\"><input type=\"radio\" value=\"6-12 ans\" id=\"form-field-field_47ca993-2\" name=\"form_fields[field_47ca993]\" required=\"required\"> <label for=\"form-field-field_47ca993-2\">6-12 ans<\/label><\/span><span class=\"elementor-field-option\"><input type=\"radio\" value=\"Tous\" id=\"form-field-field_47ca993-3\" name=\"form_fields[field_47ca993]\" required=\"required\"> <label for=\"form-field-field_47ca993-3\">Tous<\/label><\/span><\/div>\t\t\t\t<\/div>\n\t\t\t\t\t\t\t\t<div class=\"elementor-field-type-radio elementor-field-group elementor-column elementor-field-group-field_939c218 elementor-col-100 elementor-field-required elementor-mark-required\">\n\t\t\t\t\t\t\t\t\t\t\t\t<label for=\"form-field-field_939c218\" class=\"elementor-field-label\">\n\t\t\t\t\t\t\t\t2.6 Quelle est l'\u00e9tape qui vous int\u00e9resse le plus ?<br><span style=\"font-size: 12px; font-weight: 400; margin-top: 16px;\">Apprendre \u00e0 mettre en \u0153uvre la m\u00e9thode \u00e0 la maison<\/span>\t\t\t\t\t\t\t<\/label>\n\t\t\t\t\t\t<div class=\"elementor-field-subgroup  \"><span class=\"elementor-field-option\"><input type=\"radio\" value=\"0-3 ans\" id=\"form-field-field_939c218-0\" name=\"form_fields[field_939c218]\" required=\"required\"> <label for=\"form-field-field_939c218-0\">0-3 ans<\/label><\/span><span class=\"elementor-field-option\"><input type=\"radio\" value=\"3-6 ans\" id=\"form-field-field_939c218-1\" name=\"form_fields[field_939c218]\" required=\"required\"> <label for=\"form-field-field_939c218-1\">3-6 ans<\/label><\/span><span class=\"elementor-field-option\"><input type=\"radio\" value=\"Tous\" id=\"form-field-field_939c218-2\" name=\"form_fields[field_939c218]\" required=\"required\"> <label for=\"form-field-field_939c218-2\">Tous<\/label><\/span><\/div>\t\t\t\t<\/div>\n\t\t\t\t\t\t\t\t<div class=\"elementor-field-type-radio elementor-field-group elementor-column elementor-field-group-field_f72e702 elementor-col-100 elementor-field-required elementor-mark-required\">\n\t\t\t\t\t\t\t\t\t\t\t\t<label for=\"form-field-field_f72e702\" class=\"elementor-field-label\">\n\t\t\t\t\t\t\t\tVous recherchez une formation sp\u00e9cifique sur la p\u00e9dagogie Montessori ?<br><span style=\"font-size: 12px; font-weight: 400; margin-top: 16px;\">Je suis enseignante et je souhaite d\u00e9couvrir d'autres p\u00e9dagogies \u00e0 mettre en \u0153uvre en classe.<\/span>\t\t\t\t\t\t\t<\/label>\n\t\t\t\t\t\t<div class=\"elementor-field-subgroup  \"><span class=\"elementor-field-option\"><input type=\"radio\" value=\"Oui\" id=\"form-field-field_f72e702-0\" name=\"form_fields[field_f72e702]\" required=\"required\"> <label for=\"form-field-field_f72e702-0\">Oui<\/label><\/span><span class=\"elementor-field-option\"><input type=\"radio\" value=\"Non\" id=\"form-field-field_f72e702-1\" name=\"form_fields[field_f72e702]\" required=\"required\"> <label for=\"form-field-field_f72e702-1\">Non<\/label><\/span><\/div>\t\t\t\t<\/div>\n\t\t\t\t\t\t\t\t<div class=\"elementor-field-type-radio elementor-field-group elementor-column elementor-field-group-field_9b92b38 elementor-col-100 elementor-field-required elementor-mark-required\">\n\t\t\t\t\t\t\t\t\t\t\t\t<label for=\"form-field-field_9b92b38\" class=\"elementor-field-label\">\n\t\t\t\t\t\t\t\t2.7 Quelle est l'\u00e9tape qui vous int\u00e9resse le plus ?<br><span style=\"font-size: 12px; font-weight: 400; margin-top: 16px;\">Recherchez-vous une formation sp\u00e9cifique sur la p\u00e9dagogie Montessori ? Oui <\/span>\t\t\t\t\t\t\t<\/label>\n\t\t\t\t\t\t<div class=\"elementor-field-subgroup  \"><span class=\"elementor-field-option\"><input type=\"radio\" value=\"0-3 ans\" id=\"form-field-field_9b92b38-0\" name=\"form_fields[field_9b92b38]\" required=\"required\"> <label for=\"form-field-field_9b92b38-0\">0-3 ans<\/label><\/span><span class=\"elementor-field-option\"><input type=\"radio\" value=\"3-6 ans\" id=\"form-field-field_9b92b38-1\" name=\"form_fields[field_9b92b38]\" required=\"required\"> <label for=\"form-field-field_9b92b38-1\">3-6 ans<\/label><\/span><span class=\"elementor-field-option\"><input type=\"radio\" value=\"6-12 ans\" id=\"form-field-field_9b92b38-2\" name=\"form_fields[field_9b92b38]\" required=\"required\"> <label for=\"form-field-field_9b92b38-2\">6-12 ans<\/label><\/span><span class=\"elementor-field-option\"><input type=\"radio\" value=\"Tous\" id=\"form-field-field_9b92b38-3\" name=\"form_fields[field_9b92b38]\" required=\"required\"> <label for=\"form-field-field_9b92b38-3\">Tous<\/label><\/span><\/div>\t\t\t\t<\/div>\n\t\t\t\t\t\t\t\t<div class=\"elementor-field-group elementor-column elementor-field-type-submit elementor-col-100 e-form__buttons\">\n\t\t\t\t\t<button class=\"elementor-button elementor-size-sm\" type=\"submit\">\n\t\t\t\t\t\t<span class=\"elementor-button-content-wrapper\">\n\t\t\t\t\t\t\t\t\t\t\t\t\t\t\t\t\t\t\t\t\t\t<span class=\"elementor-button-text\">Envoyer<\/span>\n\t\t\t\t\t\t\t\t\t\t\t\t\t<\/span>\n\t\t\t\t\t<\/button>\n\t\t\t\t<\/div>\n\t\t\t<\/div>\n\t\t<\/form>\n\t\t\t\t\t\t<\/div>\n\t\t\t\t<\/div>\n\t\t\t\t\t<\/div>\n\t\t\t\t<\/div>\n\t\t\t\t<\/div>\n\t\t","protected":false},"excerpt":{"rendered":"<p>Vous ne savez pas quel cours suivre ? R\u00e9pondez \u00e0 quelques questions sur vos besoins et vos int\u00e9r\u00eats et nous vous indiquerons les cours qui vous conviennent le mieux :<\/p>\n","protected":false},"author":4,"featured_media":0,"parent":0,"menu_order":0,"comment_status":"closed","ping_status":"closed","template":"","meta":{"_acf_changed":false,"footnotes":""},"class_list":["post-11247","page","type-page","status-publish","hentry"],"acf":[],"_links":{"self":[{"href":"https:\/\/montessorispace.com\/fr\/wp-json\/wp\/v2\/pages\/11247","targetHints":{"allow":["GET"]}}],"collection":[{"href":"https:\/\/montessorispace.com\/fr\/wp-json\/wp\/v2\/pages"}],"about":[{"href":"https:\/\/montessorispace.com\/fr\/wp-json\/wp\/v2\/types\/page"}],"author":[{"embeddable":true,"href":"https:\/\/montessorispace.com\/fr\/wp-json\/wp\/v2\/users\/4"}],"replies":[{"embeddable":true,"href":"https:\/\/montessorispace.com\/fr\/wp-json\/wp\/v2\/comments?post=11247"}],"version-history":[{"count":2,"href":"https:\/\/montessorispace.com\/fr\/wp-json\/wp\/v2\/pages\/11247\/revisions"}],"predecessor-version":[{"id":11249,"href":"https:\/\/montessorispace.com\/fr\/wp-json\/wp\/v2\/pages\/11247\/revisions\/11249"}],"wp:attachment":[{"href":"https:\/\/montessorispace.com\/fr\/wp-json\/wp\/v2\/media?parent=11247"}],"curies":[{"name":"wp","href":"https:\/\/api.w.org\/{rel}","templated":true}]}}